{"id":9402,"date":"2020-05-25T11:59:23","date_gmt":"2020-05-25T11:59:23","guid":{"rendered":"https:\/\/suurmuna.ee\/?page_id=9402"},"modified":"2020-10-13T05:21:26","modified_gmt":"2020-10-13T05:21:26","slug":"blogi","status":"publish","type":"page","link":"https:\/\/suurmuna.ee\/en\/blogi\/","title":{"rendered":"BLOGI"},"content":{"rendered":"<section class=\"wpb-content-wrapper\"><p>[vc_row css=&#8221;.vc_custom_1585560425605{margin-top: -100px !important;padding-top: 70px !important;padding-right: 50px !important;padding-left: 50px !important;background-color: #ffffff !important;}&#8221;][vc_column][vc_row_inner][vc_column_inner width=&#8221;1\/3&#8243; css=&#8221;.vc_custom_1519734939213{padding-right: 50px !important;}&#8221; offset=&#8221;vc_col-lg-4 vc_col-md-12&#8243;][vc_custom_heading text=&#8221;TERVITUSTEGA,<br \/>\nSINU<br \/>\nSUUR<br \/>\nMUNA!&#8221; font_container=&#8221;tag:h2|font_size:36px|text_align:left|line_height:42px&#8221; use_theme_fonts=&#8221;yes&#8221;][\/vc_column_inner][vc_column_inner width=&#8221;2\/3&#8243; offset=&#8221;vc_col-lg-8 vc_col-md-12&#8243;][vc_custom_heading text=&#8221;Raunol kohe on seda &#8220;sulge&#8220;, mis vaimukalt ja v\u00e4rvikalt v\u00e4ljendab ehk seda k\u00f5ige lihtsamat ja argisemat, mille v\u00f5lu meil paljudel pole enam aega m\u00e4rgata, saati siis s\u00f5nadesse panna. Nii v\u00f5iks igat esmasp\u00e4eva oodata just \u00fche h\u00f5rkv\u00fcrtsika postituse p\u00e4rast, mille Rauno &#8220;k\u00fcpsetanud&#8220;.<br \/>\nTanel, meie k\u00f6\u00f6gikunstnik, kellel \u00fchtviisi h\u00e4sti p\u00fcsivad k\u00e4es kaamera, kitarr ja kulp, leiab ka kodulehel oma &#8220;lava&#8220;, kus etteaste teha ja seda kord kuus. Kokakooli videoklippides jagab ta lahkelt kunstiv\u00f5tteid, mis meie k\u00f6\u00f6gis aset leiavad. Just nii saab \u00fcks anne t\u00e4iel rinnal elada &#8211; kui teda jagatakse teistega!&#8221; font_container=&#8221;tag:h6|text_align:left&#8221; use_theme_fonts=&#8221;yes&#8221;][\/vc_column_inner][\/vc_row_inner][vc_row_inner][vc_column_inner][vc_empty_space height=&#8221;45px&#8221;][\/vc_column_inner][\/vc_row_inner][vc_masonry_grid post_type=&#8221;post&#8221; max_items=&#8221;30&#8243; style=&#8221;load-more&#8221; items_per_page=&#8221;30&#8243; element_width=&#8221;6&#8243; btn_title=&#8221;Vaata veel..&#8221; grid_id=&#8221;vc_gid:1602566422231-cd16c19b-2eaf-6&#8243;][\/vc_column][\/vc_row]<\/p>\n<\/section>","protected":false},"excerpt":{"rendered":"<p>[vc_row css=&#8221;.vc_custom_1585560425605{margin-top: -100px !important;padding-top: 70px !important;padding-right: 50px !important;padding-left: 50px !important;background-color: #ffffff !important;}&#8221;][vc_column][vc_row_inner][vc_column_inner width=&#8221;1\/3&#8243; css=&#8221;.vc_custom_1519734939213{padding-right: 50px !important;}&#8221; offset=&#8221;vc_col-lg-4 vc_col-md-12&#8243;][vc_custom_heading text=&#8221;TERVITUSTEGA, SINU [&hellip;]<\/p>\n","protected":false},"author":5,"featured_media":8835,"parent":0,"menu_order":0,"comment_status":"closed","ping_status":"closed","template":"","meta":{"editor_plus_copied_stylings":"{}","footnotes":""},"yoast_head":"<!-- This site is optimized with the Yoast SEO plugin v24.5 - https:\/\/yoast.com\/wordpress\/plugins\/seo\/ -->\n<title>BLOGI - Suur Muna<\/title>\n<meta name=\"robots\" content=\"index, follow, max-snippet:-1, max-image-preview:large, max-video-preview:-1\" \/>\n<link rel=\"canonical\" href=\"https:\/\/suurmuna.ee\/blogi\/\" \/>\n<meta property=\"og:locale\" content=\"en_US\" \/>\n<meta property=\"og:type\" content=\"article\" \/>\n<meta property=\"og:title\" content=\"BLOGI - Suur Muna\" \/>\n<meta property=\"og:description\" content=\"[vc_row css=&#8221;.vc_custom_1585560425605{margin-top: -100px !important;padding-top: 70px !important;padding-right: 50px !important;padding-left: 50px !important;background-color: #ffffff !important;}&#8221;][vc_column][vc_row_inner][vc_column_inner width=&#8221;1\/3&#8243; css=&#8221;.vc_custom_1519734939213{padding-right: 50px !important;}&#8221; offset=&#8221;vc_col-lg-4 vc_col-md-12&#8243;][vc_custom_heading text=&#8221;TERVITUSTEGA, SINU [&hellip;]\" \/>\n<meta property=\"og:url\" content=\"https:\/\/suurmuna.ee\/blogi\/\" \/>\n<meta property=\"og:site_name\" content=\"Suur Muna\" \/>\n<meta property=\"article:publisher\" content=\"https:\/\/www.facebook.com\/HaanjaSuurMuna\/\" \/>\n<meta property=\"article:modified_time\" content=\"2020-10-13T05:21:26+00:00\" \/>\n<meta property=\"og:image\" content=\"https:\/\/suurmuna.ee\/wp-content\/uploads\/2020\/05\/IMG_0397.jpg\" \/>\n\t<meta property=\"og:image:width\" content=\"1920\" \/>\n\t<meta property=\"og:image:height\" content=\"1080\" \/>\n\t<meta property=\"og:image:type\" content=\"image\/jpeg\" \/>\n<meta name=\"twitter:card\" content=\"summary_large_image\" \/>\n<meta name=\"twitter:site\" content=\"@suurmuna\" \/>\n<meta name=\"twitter:label1\" content=\"Est. reading time\" \/>\n\t<meta name=\"twitter:data1\" content=\"1 minute\" \/>\n<script type=\"application\/ld+json\" class=\"yoast-schema-graph\">{\"@context\":\"https:\/\/schema.org\",\"@graph\":[{\"@type\":\"WebPage\",\"@id\":\"https:\/\/suurmuna.ee\/blogi\/\",\"url\":\"https:\/\/suurmuna.ee\/blogi\/\",\"name\":\"BLOGI - Suur Muna\",\"isPartOf\":{\"@id\":\"https:\/\/suurmuna.ee\/#website\"},\"primaryImageOfPage\":{\"@id\":\"https:\/\/suurmuna.ee\/blogi\/#primaryimage\"},\"image\":{\"@id\":\"https:\/\/suurmuna.ee\/blogi\/#primaryimage\"},\"thumbnailUrl\":\"https:\/\/suurmuna.ee\/wp-content\/uploads\/2020\/05\/IMG_0397.jpg\",\"datePublished\":\"2020-05-25T11:59:23+00:00\",\"dateModified\":\"2020-10-13T05:21:26+00:00\",\"breadcrumb\":{\"@id\":\"https:\/\/suurmuna.ee\/blogi\/#breadcrumb\"},\"inLanguage\":\"en-US\",\"potentialAction\":[{\"@type\":\"ReadAction\",\"target\":[\"https:\/\/suurmuna.ee\/blogi\/\"]}]},{\"@type\":\"ImageObject\",\"inLanguage\":\"en-US\",\"@id\":\"https:\/\/suurmuna.ee\/blogi\/#primaryimage\",\"url\":\"https:\/\/suurmuna.ee\/wp-content\/uploads\/2020\/05\/IMG_0397.jpg\",\"contentUrl\":\"https:\/\/suurmuna.ee\/wp-content\/uploads\/2020\/05\/IMG_0397.jpg\",\"width\":1920,\"height\":1080},{\"@type\":\"BreadcrumbList\",\"@id\":\"https:\/\/suurmuna.ee\/blogi\/#breadcrumb\",\"itemListElement\":[{\"@type\":\"ListItem\",\"position\":1,\"name\":\"Home\",\"item\":\"https:\/\/suurmuna.ee\/en\/\"},{\"@type\":\"ListItem\",\"position\":2,\"name\":\"BLOGI\"}]},{\"@type\":\"WebSite\",\"@id\":\"https:\/\/suurmuna.ee\/#website\",\"url\":\"https:\/\/suurmuna.ee\/\",\"name\":\"Suur Muna\",\"description\":\"Suure Muna restoran Haanjas\",\"publisher\":{\"@id\":\"https:\/\/suurmuna.ee\/#organization\"},\"potentialAction\":[{\"@type\":\"SearchAction\",\"target\":{\"@type\":\"EntryPoint\",\"urlTemplate\":\"https:\/\/suurmuna.ee\/?s={search_term_string}\"},\"query-input\":{\"@type\":\"PropertyValueSpecification\",\"valueRequired\":true,\"valueName\":\"search_term_string\"}}],\"inLanguage\":\"en-US\"},{\"@type\":\"Organization\",\"@id\":\"https:\/\/suurmuna.ee\/#organization\",\"name\":\"Restoran Suur Muna\",\"url\":\"https:\/\/suurmuna.ee\/\",\"logo\":{\"@type\":\"ImageObject\",\"inLanguage\":\"en-US\",\"@id\":\"https:\/\/suurmuna.ee\/#\/schema\/logo\/image\/\",\"url\":\"https:\/\/suurmuna.ee\/wp-content\/uploads\/2020\/03\/LOGO_100X100.jpg\",\"contentUrl\":\"https:\/\/suurmuna.ee\/wp-content\/uploads\/2020\/03\/LOGO_100X100.jpg\",\"width\":100,\"height\":100,\"caption\":\"Restoran Suur Muna\"},\"image\":{\"@id\":\"https:\/\/suurmuna.ee\/#\/schema\/logo\/image\/\"},\"sameAs\":[\"https:\/\/www.facebook.com\/HaanjaSuurMuna\/\",\"https:\/\/x.com\/suurmuna\",\"https:\/\/www.instagram.com\/suurmunahaanjas\",\"https:\/\/www.youtube.com\/channel\/UCV6_DtuqXUMLLogb8vdsTCw\"]}]}<\/script>\n<!-- \/ Yoast SEO plugin. -->","yoast_head_json":{"title":"BLOGI - Suur Muna","robots":{"index":"index","follow":"follow","max-snippet":"max-snippet:-1","max-image-preview":"max-image-preview:large","max-video-preview":"max-video-preview:-1"},"canonical":"https:\/\/suurmuna.ee\/blogi\/","og_locale":"en_US","og_type":"article","og_title":"BLOGI - Suur Muna","og_description":"[vc_row css=&#8221;.vc_custom_1585560425605{margin-top: -100px !important;padding-top: 70px !important;padding-right: 50px !important;padding-left: 50px !important;background-color: #ffffff !important;}&#8221;][vc_column][vc_row_inner][vc_column_inner width=&#8221;1\/3&#8243; css=&#8221;.vc_custom_1519734939213{padding-right: 50px !important;}&#8221; offset=&#8221;vc_col-lg-4 vc_col-md-12&#8243;][vc_custom_heading text=&#8221;TERVITUSTEGA, SINU [&hellip;]","og_url":"https:\/\/suurmuna.ee\/blogi\/","og_site_name":"Suur Muna","article_publisher":"https:\/\/www.facebook.com\/HaanjaSuurMuna\/","article_modified_time":"2020-10-13T05:21:26+00:00","og_image":[{"width":1920,"height":1080,"url":"https:\/\/suurmuna.ee\/wp-content\/uploads\/2020\/05\/IMG_0397.jpg","type":"image\/jpeg"}],"twitter_card":"summary_large_image","twitter_site":"@suurmuna","twitter_misc":{"Est. reading time":"1 minute"},"schema":{"@context":"https:\/\/schema.org","@graph":[{"@type":"WebPage","@id":"https:\/\/suurmuna.ee\/blogi\/","url":"https:\/\/suurmuna.ee\/blogi\/","name":"BLOGI - Suur Muna","isPartOf":{"@id":"https:\/\/suurmuna.ee\/#website"},"primaryImageOfPage":{"@id":"https:\/\/suurmuna.ee\/blogi\/#primaryimage"},"image":{"@id":"https:\/\/suurmuna.ee\/blogi\/#primaryimage"},"thumbnailUrl":"https:\/\/suurmuna.ee\/wp-content\/uploads\/2020\/05\/IMG_0397.jpg","datePublished":"2020-05-25T11:59:23+00:00","dateModified":"2020-10-13T05:21:26+00:00","breadcrumb":{"@id":"https:\/\/suurmuna.ee\/blogi\/#breadcrumb"},"inLanguage":"en-US","potentialAction":[{"@type":"ReadAction","target":["https:\/\/suurmuna.ee\/blogi\/"]}]},{"@type":"ImageObject","inLanguage":"en-US","@id":"https:\/\/suurmuna.ee\/blogi\/#primaryimage","url":"https:\/\/suurmuna.ee\/wp-content\/uploads\/2020\/05\/IMG_0397.jpg","contentUrl":"https:\/\/suurmuna.ee\/wp-content\/uploads\/2020\/05\/IMG_0397.jpg","width":1920,"height":1080},{"@type":"BreadcrumbList","@id":"https:\/\/suurmuna.ee\/blogi\/#breadcrumb","itemListElement":[{"@type":"ListItem","position":1,"name":"Home","item":"https:\/\/suurmuna.ee\/en\/"},{"@type":"ListItem","position":2,"name":"BLOGI"}]},{"@type":"WebSite","@id":"https:\/\/suurmuna.ee\/#website","url":"https:\/\/suurmuna.ee\/","name":"Suur Muna","description":"Suure Muna restoran Haanjas","publisher":{"@id":"https:\/\/suurmuna.ee\/#organization"},"potentialAction":[{"@type":"SearchAction","target":{"@type":"EntryPoint","urlTemplate":"https:\/\/suurmuna.ee\/?s={search_term_string}"},"query-input":{"@type":"PropertyValueSpecification","valueRequired":true,"valueName":"search_term_string"}}],"inLanguage":"en-US"},{"@type":"Organization","@id":"https:\/\/suurmuna.ee\/#organization","name":"Restoran Suur Muna","url":"https:\/\/suurmuna.ee\/","logo":{"@type":"ImageObject","inLanguage":"en-US","@id":"https:\/\/suurmuna.ee\/#\/schema\/logo\/image\/","url":"https:\/\/suurmuna.ee\/wp-content\/uploads\/2020\/03\/LOGO_100X100.jpg","contentUrl":"https:\/\/suurmuna.ee\/wp-content\/uploads\/2020\/03\/LOGO_100X100.jpg","width":100,"height":100,"caption":"Restoran Suur Muna"},"image":{"@id":"https:\/\/suurmuna.ee\/#\/schema\/logo\/image\/"},"sameAs":["https:\/\/www.facebook.com\/HaanjaSuurMuna\/","https:\/\/x.com\/suurmuna","https:\/\/www.instagram.com\/suurmunahaanjas","https:\/\/www.youtube.com\/channel\/UCV6_DtuqXUMLLogb8vdsTCw"]}]}},"_links":{"self":[{"href":"https:\/\/suurmuna.ee\/en\/wp-json\/wp\/v2\/pages\/9402"}],"collection":[{"href":"https:\/\/suurmuna.ee\/en\/wp-json\/wp\/v2\/pages"}],"about":[{"href":"https:\/\/suurmuna.ee\/en\/wp-json\/wp\/v2\/types\/page"}],"author":[{"embeddable":true,"href":"https:\/\/suurmuna.ee\/en\/wp-json\/wp\/v2\/users\/5"}],"replies":[{"embeddable":true,"href":"https:\/\/suurmuna.ee\/en\/wp-json\/wp\/v2\/comments?post=9402"}],"version-history":[{"count":18,"href":"https:\/\/suurmuna.ee\/en\/wp-json\/wp\/v2\/pages\/9402\/revisions"}],"predecessor-version":[{"id":10451,"href":"https:\/\/suurmuna.ee\/en\/wp-json\/wp\/v2\/pages\/9402\/revisions\/10451"}],"wp:featuredmedia":[{"embeddable":true,"href":"https:\/\/suurmuna.ee\/en\/wp-json\/wp\/v2\/media\/8835"}],"wp:attachment":[{"href":"https:\/\/suurmuna.ee\/en\/wp-json\/wp\/v2\/media?parent=9402"}],"curies":[{"name":"wp","href":"https:\/\/api.w.org\/{rel}","templated":true}]}}