{"id":8681,"date":"2020-05-14T13:13:28","date_gmt":"2020-05-14T13:13:28","guid":{"rendered":"https:\/\/suurmuna.ee\/?page_id=8681"},"modified":"2026-04-25T17:54:23","modified_gmt":"2026-04-25T17:54:23","slug":"kinokava","status":"publish","type":"page","link":"https:\/\/suurmuna.ee\/en\/kinokava\/","title":{"rendered":"KINO"},"content":{"rendered":"<section class=\"wpb-content-wrapper\"><p>[vc_row css=&#8221;.vc_custom_1585560425605{margin-top: -100px !important;padding-top: 70px !important;padding-right: 50px !important;padding-left: 50px !important;background-color: #ffffff !important;}&#8221;][vc_column][vc_row_inner][vc_column_inner width=&#8221;1\/3&#8243; css=&#8221;.vc_custom_1519734939213{padding-right: 50px !important;}&#8221; offset=&#8221;vc_col-lg-4 vc_col-md-12&#8243;][vc_custom_heading text=&#8221;SUURE<br \/>\nMUNA<br \/>\nKINO&#8221; font_container=&#8221;tag:h2|font_size:36px|text_align:left|line_height:42px&#8221; use_theme_fonts=&#8221;yes&#8221;][\/vc_column_inner][vc_column_inner width=&#8221;2\/3&#8243; offset=&#8221;vc_col-lg-8 vc_col-md-12&#8243;][vc_custom_heading text=&#8221;Suure Muna k\u00e4sit\u00f6\u00f6kino on selleks hooajaks ekraani kokku kerinud. Avalikud kino\u00f5htud alustavad taas augustis, privaatkino v\u00f5imalus on aga aastaringselt. V\u00f5ta meiega \u00fchendust!&#8221; font_container=&#8221;tag:h6|text_align:left&#8221; use_theme_fonts=&#8221;yes&#8221;][\/vc_column_inner][\/vc_row_inner][\/vc_column][\/vc_row][vc_row][vc_column][vc_empty_space height=&#8221;50px&#8221;][\/vc_column][\/vc_row][vc_row][vc_column]<div class=\"woocommerce columns-3 \"><\/div>[\/vc_column][\/vc_row]<\/p>\n<\/section>","protected":false},"excerpt":{"rendered":"<p>[vc_row css=&#8221;.vc_custom_1585560425605{margin-top: -100px !important;padding-top: 70px !important;padding-right: 50px !important;padding-left: 50px !important;background-color: #ffffff !important;}&#8221;][vc_column][vc_row_inner][vc_column_inner width=&#8221;1\/3&#8243; css=&#8221;.vc_custom_1519734939213{padding-right: 50px !important;}&#8221; offset=&#8221;vc_col-lg-4 vc_col-md-12&#8243;][vc_custom_heading text=&#8221;SUURE MUNA [&hellip;]<\/p>\n","protected":false},"author":5,"featured_media":14216,"parent":0,"menu_order":0,"comment_status":"closed","ping_status":"closed","template":"","meta":{"editor_plus_copied_stylings":"{}","footnotes":""},"yoast_head":"<!-- This site is optimized with the Yoast SEO plugin v24.5 - https:\/\/yoast.com\/wordpress\/plugins\/seo\/ -->\n<title>Kino I Restoran Suur Muna Haanjas k\u00e4sit\u00f6\u00f6kino<\/title>\n<meta name=\"description\" content=\"Suure Muna kohvikus Haanjas n\u00e4itame igal reedel kell 19.00 kino, v\u00e4\u00e4rt filme siit ja kaugemalt. Pilet osta meie e-poest.\" \/>\n<meta name=\"robots\" content=\"index, follow, max-snippet:-1, max-image-preview:large, max-video-preview:-1\" \/>\n<link rel=\"canonical\" href=\"https:\/\/suurmuna.ee\/kinokava\/\" \/>\n<meta property=\"og:locale\" content=\"en_US\" \/>\n<meta property=\"og:type\" content=\"article\" \/>\n<meta property=\"og:title\" content=\"Kino I Restoran Suur Muna Haanjas k\u00e4sit\u00f6\u00f6kino\" \/>\n<meta property=\"og:description\" content=\"Suure Muna kohvikus Haanjas n\u00e4itame igal reedel kell 19.00 kino, v\u00e4\u00e4rt filme siit ja kaugemalt. Pilet osta meie e-poest.\" \/>\n<meta property=\"og:url\" content=\"https:\/\/suurmuna.ee\/kinokava\/\" \/>\n<meta property=\"og:site_name\" content=\"Suur Muna\" \/>\n<meta property=\"article:publisher\" content=\"https:\/\/www.facebook.com\/HaanjaSuurMuna\/\" \/>\n<meta property=\"article:modified_time\" content=\"2026-04-25T17:54:23+00:00\" \/>\n<meta property=\"og:image\" content=\"https:\/\/suurmuna.ee\/wp-content\/uploads\/2024\/09\/IMG_4061-copy-1024x683.jpg\" \/>\n\t<meta property=\"og:image:width\" content=\"1024\" \/>\n\t<meta property=\"og:image:height\" content=\"683\" \/>\n\t<meta property=\"og:image:type\" content=\"image\/jpeg\" \/>\n<meta name=\"twitter:card\" content=\"summary_large_image\" \/>\n<meta name=\"twitter:site\" content=\"@suurmuna\" \/>\n<meta name=\"twitter:label1\" content=\"Est. reading time\" \/>\n\t<meta name=\"twitter:data1\" content=\"1 minute\" \/>\n<script type=\"application\/ld+json\" class=\"yoast-schema-graph\">{\"@context\":\"https:\/\/schema.org\",\"@graph\":[{\"@type\":\"WebPage\",\"@id\":\"https:\/\/suurmuna.ee\/kinokava\/\",\"url\":\"https:\/\/suurmuna.ee\/kinokava\/\",\"name\":\"Kino I Restoran Suur Muna Haanjas k\u00e4sit\u00f6\u00f6kino\",\"isPartOf\":{\"@id\":\"https:\/\/suurmuna.ee\/#website\"},\"primaryImageOfPage\":{\"@id\":\"https:\/\/suurmuna.ee\/kinokava\/#primaryimage\"},\"image\":{\"@id\":\"https:\/\/suurmuna.ee\/kinokava\/#primaryimage\"},\"thumbnailUrl\":\"https:\/\/suurmuna.ee\/wp-content\/uploads\/2024\/09\/IMG_4061-copy.jpg\",\"datePublished\":\"2020-05-14T13:13:28+00:00\",\"dateModified\":\"2026-04-25T17:54:23+00:00\",\"description\":\"Suure Muna kohvikus Haanjas n\u00e4itame igal reedel kell 19.00 kino, v\u00e4\u00e4rt filme siit ja kaugemalt. Pilet osta meie e-poest.\",\"breadcrumb\":{\"@id\":\"https:\/\/suurmuna.ee\/kinokava\/#breadcrumb\"},\"inLanguage\":\"en-US\",\"potentialAction\":[{\"@type\":\"ReadAction\",\"target\":[\"https:\/\/suurmuna.ee\/kinokava\/\"]}]},{\"@type\":\"ImageObject\",\"inLanguage\":\"en-US\",\"@id\":\"https:\/\/suurmuna.ee\/kinokava\/#primaryimage\",\"url\":\"https:\/\/suurmuna.ee\/wp-content\/uploads\/2024\/09\/IMG_4061-copy.jpg\",\"contentUrl\":\"https:\/\/suurmuna.ee\/wp-content\/uploads\/2024\/09\/IMG_4061-copy.jpg\",\"width\":2126,\"height\":1417},{\"@type\":\"BreadcrumbList\",\"@id\":\"https:\/\/suurmuna.ee\/kinokava\/#breadcrumb\",\"itemListElement\":[{\"@type\":\"ListItem\",\"position\":1,\"name\":\"Home\",\"item\":\"https:\/\/suurmuna.ee\/en\/\"},{\"@type\":\"ListItem\",\"position\":2,\"name\":\"KINO\"}]},{\"@type\":\"WebSite\",\"@id\":\"https:\/\/suurmuna.ee\/#website\",\"url\":\"https:\/\/suurmuna.ee\/\",\"name\":\"Suur Muna\",\"description\":\"Suure Muna restoran Haanjas\",\"publisher\":{\"@id\":\"https:\/\/suurmuna.ee\/#organization\"},\"potentialAction\":[{\"@type\":\"SearchAction\",\"target\":{\"@type\":\"EntryPoint\",\"urlTemplate\":\"https:\/\/suurmuna.ee\/?s={search_term_string}\"},\"query-input\":{\"@type\":\"PropertyValueSpecification\",\"valueRequired\":true,\"valueName\":\"search_term_string\"}}],\"inLanguage\":\"en-US\"},{\"@type\":\"Organization\",\"@id\":\"https:\/\/suurmuna.ee\/#organization\",\"name\":\"Restoran Suur Muna\",\"url\":\"https:\/\/suurmuna.ee\/\",\"logo\":{\"@type\":\"ImageObject\",\"inLanguage\":\"en-US\",\"@id\":\"https:\/\/suurmuna.ee\/#\/schema\/logo\/image\/\",\"url\":\"https:\/\/suurmuna.ee\/wp-content\/uploads\/2020\/03\/LOGO_100X100.jpg\",\"contentUrl\":\"https:\/\/suurmuna.ee\/wp-content\/uploads\/2020\/03\/LOGO_100X100.jpg\",\"width\":100,\"height\":100,\"caption\":\"Restoran Suur Muna\"},\"image\":{\"@id\":\"https:\/\/suurmuna.ee\/#\/schema\/logo\/image\/\"},\"sameAs\":[\"https:\/\/www.facebook.com\/HaanjaSuurMuna\/\",\"https:\/\/x.com\/suurmuna\",\"https:\/\/www.instagram.com\/suurmunahaanjas\",\"https:\/\/www.youtube.com\/channel\/UCV6_DtuqXUMLLogb8vdsTCw\"]}]}<\/script>\n<!-- \/ Yoast SEO plugin. -->","yoast_head_json":{"title":"Kino I Restoran Suur Muna Haanjas k\u00e4sit\u00f6\u00f6kino","description":"Suure Muna kohvikus Haanjas n\u00e4itame igal reedel kell 19.00 kino, v\u00e4\u00e4rt filme siit ja kaugemalt. Pilet osta meie e-poest.","robots":{"index":"index","follow":"follow","max-snippet":"max-snippet:-1","max-image-preview":"max-image-preview:large","max-video-preview":"max-video-preview:-1"},"canonical":"https:\/\/suurmuna.ee\/kinokava\/","og_locale":"en_US","og_type":"article","og_title":"Kino I Restoran Suur Muna Haanjas k\u00e4sit\u00f6\u00f6kino","og_description":"Suure Muna kohvikus Haanjas n\u00e4itame igal reedel kell 19.00 kino, v\u00e4\u00e4rt filme siit ja kaugemalt. Pilet osta meie e-poest.","og_url":"https:\/\/suurmuna.ee\/kinokava\/","og_site_name":"Suur Muna","article_publisher":"https:\/\/www.facebook.com\/HaanjaSuurMuna\/","article_modified_time":"2026-04-25T17:54:23+00:00","og_image":[{"width":1024,"height":683,"url":"https:\/\/suurmuna.ee\/wp-content\/uploads\/2024\/09\/IMG_4061-copy-1024x683.jpg","type":"image\/jpeg"}],"twitter_card":"summary_large_image","twitter_site":"@suurmuna","twitter_misc":{"Est. reading time":"1 minute"},"schema":{"@context":"https:\/\/schema.org","@graph":[{"@type":"WebPage","@id":"https:\/\/suurmuna.ee\/kinokava\/","url":"https:\/\/suurmuna.ee\/kinokava\/","name":"Kino I Restoran Suur Muna Haanjas k\u00e4sit\u00f6\u00f6kino","isPartOf":{"@id":"https:\/\/suurmuna.ee\/#website"},"primaryImageOfPage":{"@id":"https:\/\/suurmuna.ee\/kinokava\/#primaryimage"},"image":{"@id":"https:\/\/suurmuna.ee\/kinokava\/#primaryimage"},"thumbnailUrl":"https:\/\/suurmuna.ee\/wp-content\/uploads\/2024\/09\/IMG_4061-copy.jpg","datePublished":"2020-05-14T13:13:28+00:00","dateModified":"2026-04-25T17:54:23+00:00","description":"Suure Muna kohvikus Haanjas n\u00e4itame igal reedel kell 19.00 kino, v\u00e4\u00e4rt filme siit ja kaugemalt. Pilet osta meie e-poest.","breadcrumb":{"@id":"https:\/\/suurmuna.ee\/kinokava\/#breadcrumb"},"inLanguage":"en-US","potentialAction":[{"@type":"ReadAction","target":["https:\/\/suurmuna.ee\/kinokava\/"]}]},{"@type":"ImageObject","inLanguage":"en-US","@id":"https:\/\/suurmuna.ee\/kinokava\/#primaryimage","url":"https:\/\/suurmuna.ee\/wp-content\/uploads\/2024\/09\/IMG_4061-copy.jpg","contentUrl":"https:\/\/suurmuna.ee\/wp-content\/uploads\/2024\/09\/IMG_4061-copy.jpg","width":2126,"height":1417},{"@type":"BreadcrumbList","@id":"https:\/\/suurmuna.ee\/kinokava\/#breadcrumb","itemListElement":[{"@type":"ListItem","position":1,"name":"Home","item":"https:\/\/suurmuna.ee\/en\/"},{"@type":"ListItem","position":2,"name":"KINO"}]},{"@type":"WebSite","@id":"https:\/\/suurmuna.ee\/#website","url":"https:\/\/suurmuna.ee\/","name":"Suur Muna","description":"Suure Muna restoran Haanjas","publisher":{"@id":"https:\/\/suurmuna.ee\/#organization"},"potentialAction":[{"@type":"SearchAction","target":{"@type":"EntryPoint","urlTemplate":"https:\/\/suurmuna.ee\/?s={search_term_string}"},"query-input":{"@type":"PropertyValueSpecification","valueRequired":true,"valueName":"search_term_string"}}],"inLanguage":"en-US"},{"@type":"Organization","@id":"https:\/\/suurmuna.ee\/#organization","name":"Restoran Suur Muna","url":"https:\/\/suurmuna.ee\/","logo":{"@type":"ImageObject","inLanguage":"en-US","@id":"https:\/\/suurmuna.ee\/#\/schema\/logo\/image\/","url":"https:\/\/suurmuna.ee\/wp-content\/uploads\/2020\/03\/LOGO_100X100.jpg","contentUrl":"https:\/\/suurmuna.ee\/wp-content\/uploads\/2020\/03\/LOGO_100X100.jpg","width":100,"height":100,"caption":"Restoran Suur Muna"},"image":{"@id":"https:\/\/suurmuna.ee\/#\/schema\/logo\/image\/"},"sameAs":["https:\/\/www.facebook.com\/HaanjaSuurMuna\/","https:\/\/x.com\/suurmuna","https:\/\/www.instagram.com\/suurmunahaanjas","https:\/\/www.youtube.com\/channel\/UCV6_DtuqXUMLLogb8vdsTCw"]}]}},"_links":{"self":[{"href":"https:\/\/suurmuna.ee\/en\/wp-json\/wp\/v2\/pages\/8681"}],"collection":[{"href":"https:\/\/suurmuna.ee\/en\/wp-json\/wp\/v2\/pages"}],"about":[{"href":"https:\/\/suurmuna.ee\/en\/wp-json\/wp\/v2\/types\/page"}],"author":[{"embeddable":true,"href":"https:\/\/suurmuna.ee\/en\/wp-json\/wp\/v2\/users\/5"}],"replies":[{"embeddable":true,"href":"https:\/\/suurmuna.ee\/en\/wp-json\/wp\/v2\/comments?post=8681"}],"version-history":[{"count":109,"href":"https:\/\/suurmuna.ee\/en\/wp-json\/wp\/v2\/pages\/8681\/revisions"}],"predecessor-version":[{"id":16771,"href":"https:\/\/suurmuna.ee\/en\/wp-json\/wp\/v2\/pages\/8681\/revisions\/16771"}],"wp:featuredmedia":[{"embeddable":true,"href":"https:\/\/suurmuna.ee\/en\/wp-json\/wp\/v2\/media\/14216"}],"wp:attachment":[{"href":"https:\/\/suurmuna.ee\/en\/wp-json\/wp\/v2\/media?parent=8681"}],"curies":[{"name":"wp","href":"https:\/\/api.w.org\/{rel}","templated":true}]}}