{"id":3985,"date":"2018-09-11T13:11:53","date_gmt":"2018-09-11T13:11:53","guid":{"rendered":"https:\/\/www.ekko-wp.com\/?page_id=3985"},"modified":"2021-03-28T16:42:52","modified_gmt":"2021-03-28T16:42:52","slug":"tingimused","status":"publish","type":"page","link":"https:\/\/suurmuna.ee\/en\/tingimused\/","title":{"rendered":"Ostutingimused"},"content":{"rendered":"<h3>1.Tellimistingimused<\/h3>\n<p>1.1. Tingimused kehtivad isiku (edaspidi Klient) ja ostukeskkonna suurmuna.ee (edaspidi Ostukeskkond) omaniku Munajala O\u00dc vahel, Ostukeskkonna vahendusel teenuste ja toodete ostmisel tekkivate \u00f5igussuhete kohta.<br \/>\n1.2. Lisaks k\u00e4esolevatele tingimustele reguleerivad Ostukeskkonna vahendusel teenuste ja toodete ostmisel tekkivaid \u00f5igussuhteid Eesti Vabariigis kehtivad \u00f5igusaktid.<br \/>\n1.3. Ostukeskkonnas tohib tehinguid teha v\u00e4hemalt 18 aastane teov\u00f5imeline isik. N\u00f5uetele mittevastava isiku poolt sooritatud tellimuste tagaj\u00e4rgede eest vastutab isik, kelle pangakontot v\u00f5i krediitkaarti kasutades on tasu maksmine sooritatud.<br \/>\n1.4. Ostukeskkond ei m\u00fc\u00fc alkoholi alla 18-aastastele klientidele. Munajala O\u00dc\u00b4l on \u00f5igus isiku vanuse tuvastamiseks k\u00fcsida isikutt\u00f5endavat dokumenti ning alaealise kliendi korral keelduda tellimuse t\u00e4itmisest. Alaealise poolt tehtud alkohoolseid jooke sisaldavate lisatellimuste ettemaks tagastatakse ainult alkohoolse joogi maksumuse ulatuses isikule, kelle pangakontot v\u00f5i krediitkaarti kasutades on tasu maksmine sooritatud<\/p>\n<h3>2. Hinnainfo<\/h3>\n<p>2.1. K\u00f5ik hinnad on eurodes ja sisaldavad Eesti Vabariigis kehtestatud k\u00e4ibemaksusid.<br \/>\n2.2. Ettemaks on kohustuslik k\u00f5ikidele tellitud toodetele ja teenustele. Tasumine toimub l\u00e4bi internetipanga v\u00f5i krediitkaardiga makstes Munajala O\u00dc arvele LHV panka. Tellimuskinnitus saadetakse e-mailile.<\/p>\n<h3>3.Tellimisprotsess<\/h3>\n<p>3.1.Ostukeskkonnas valitakse soovitud toode, lisatakse ostukorvi, valitakse tarneviis ja tasutakse internetipanga kaudu v\u00f5i krediitkaardiga.<br \/>\n3.2.Tellimus j\u00f5ustub peale ostukeskkonnas m\u00e4\u00e4ratud summa tasumist, mis tehakse \u00fclekandega internetipanga vahendusel v\u00f5i Visa ja MasterCard deebet- ja krediitkaardimaksetena.<br \/>\n3.3.Tellimiskinnitus saadetakse kliendile e-maili peale.<br \/>\n3.4.Tellimus t\u00e4idetakse 24 tundi peale tellimuse esitamist.<\/p>\n<h3>4. Maksetingimused<\/h3>\n<p>4.1. Kliendi poolt Ostukeskkonna vahendusel ostetud teenuse\/ toote eest tuleb tasuda kogu valitud teenuse maksumus. Tasu maksmisega kinnitab klient, et ta on tutvunud k\u00f5ikide teenusepakkuja poolt Ostukeskkonna kaudu k\u00e4ttesaadavaks tehtud tingimuste ja reeglitega ning aktsepteerib neid.<br \/>\n4.2. Ostukeskkonnas m\u00e4\u00e4ratud summa tasumine toimub \u00fclekandega internetipanga vahendusel v\u00f5i Visa ja MasterCard deebet- ja krediitkaardimaksetena. Internetipanga vahendusel on v\u00f5imalik \u00fclekandega maksta j\u00e4rgmistest pankadest:Eesti &#8211; Swedbank, SEB, Luminor, LHV, Coop, Pocopay ja Liisi ID.Vahetult p\u00e4rast \u00fclekande v\u00f5i kaardimakse sooritamist peab klient makse koheseks registreerimiseks kl\u00f5psama nuppu \u201etagasi kaupmehe juurde\u201c.<\/p>\n<h3>5.Tellimuse t\u00fchistamine ja raha tagastamine:<\/h3>\n<p>5.1.Juhul kui soovite tellimuse t\u00fchistada, palun teatage sellest minimaalselt 24 tundi enne tellimuse t\u00e4itmist e-mailile muna@suurmuna.com.Palun n\u00e4idake kindlasti \u00e4ra tellimuse number ja pangakonto number, millele soovite makse tagastust. \u00dclalnimetatud tingimuste j\u00e4rgimisel kanname Teile raha tagasi 2 t\u00f6\u00f6p\u00e4eva jooksul.<\/p>\n<h3>6.Tarnetingimused<\/h3>\n<p>6.1.Toodetest on kookidel ja k\u00fcpsetistel ettetellimise aeg 2 p\u00e4eva.<br \/>\n6.2.K\u00f5ik tellitud tooted saab k\u00e4tte Suure Muna kohvikust iga p\u00e4ev kell 11-19.<\/p>\n<h3>7. Turvaline maskmine<\/h3>\n<p>7.1 Pangalingiga maksmise turvalisus on kaitstud SSL-turvaprotokolliga, mis tagab selle, et vahetatavat informatsiooni ei saa k\u00f5rvalised isikud pealt kuulata ega muuta. Maksekeskus AS hoiab Tellija kaardiandmeid turvaliselt ning ei jaga neid kunagi kaupmeeste ega kolmandate osapooltega. Kaupmehe poolt ligip\u00e4\u00e4setav informatsioon piirdub kaardi t\u00fc\u00fcbi (nt. Visa v\u00f5i MasterCard) ning kahe viimase numbriga kaardinumbrist.<br \/>\n7.2 Maksekeskus AS on PCI-DSS n\u00f5uetele vastav teenusepakkuja, kes pakub makselahendusi, sh vahendab Visa ja MasterCardi makseid, Euroopa Liidus tegutsevatele kaupmeestele ning muudele teenusepakkujatele. Kaardiandmete salvestamine toimub ainult l\u00e4bi turvalise SSL \u00fchenduse ning kaupmehel ega kolmandatel osapooltel pole t\u00e4ielikele andmetele ligip\u00e4\u00e4su.<br \/>\n7.3 Juhul kui Munajala O\u00dc`l tekib vajadus tellimuse t\u00fchistamise, muutmise ja raha tagastamise tingimustes toodud juhtudel ja ulatuses tagastada tasutud summa Ostjale siis kasutatakse selleks Maksekeskuse turvalist keskkonda.<\/p>\n<h3>8.Vaidluste lahendamine<\/h3>\n<p>8.1 Kliendi ja ostukeskkonna vahendusel teenuste\/toodete ostmisega tekkinud vaidlused lahendatakse l\u00e4bir\u00e4\u00e4kimiste teel. Kokkuleppe mittesaavutamisel on Kliendil \u00f5igus p\u00f6\u00f6rduda oma \u00f5iguste kaitseks Tarbijakaitseametisse. Vaidluste ning k\u00e4esolevates tingimustes mitte v\u00e4lja toodud k\u00fcsimuste lahendamisel l\u00e4htutakse Eesti Vabariigis kehtivatest \u00f5igusaktidest.<\/p>\n<h3>Ettev\u00f5tte andmed<\/h3>\n<p>Munajala O\u00dc<br \/>\nReg. kood: 14013130<br \/>\nKMKR kood: EE101862370<br \/>\nMuna-M\u00e4e, Haanja k\u00fcla. R\u00f5uge vald, V\u00f5rumaa 65101<br \/>\n<a href=\"mailto:muna@suurmuna.ee\">muna@suurmuna.ee<\/a><br \/>\n<a href=\"tel:+37258664668\">58664668<\/a><br \/>\n<a href=\"http:\/\/suurmuna.ee\">suurmuna.ee<\/a><\/p>\n","protected":false},"excerpt":{"rendered":"<p>1.Tellimistingimused 1.1. Tingimused kehtivad isiku (edaspidi Klient) ja ostukeskkonna suurmuna.ee (edaspidi Ostukeskkond) omaniku Munajala O\u00dc vahel, Ostukeskkonna vahendusel teenuste ja [&hellip;]<\/p>\n","protected":false},"author":1,"featured_media":7512,"parent":0,"menu_order":0,"comment_status":"closed","ping_status":"closed","template":"","meta":{"editor_plus_copied_stylings":"{}","footnotes":""},"yoast_head":"<!-- This site is optimized with the Yoast SEO plugin v24.5 - https:\/\/yoast.com\/wordpress\/plugins\/seo\/ -->\n<title>Ostutingimused - Suur Muna<\/title>\n<meta name=\"robots\" content=\"index, follow, max-snippet:-1, max-image-preview:large, max-video-preview:-1\" \/>\n<link rel=\"canonical\" href=\"https:\/\/suurmuna.ee\/tingimused\/\" \/>\n<meta property=\"og:locale\" content=\"en_US\" \/>\n<meta property=\"og:type\" content=\"article\" \/>\n<meta property=\"og:title\" content=\"Ostutingimused - Suur Muna\" \/>\n<meta property=\"og:description\" content=\"1.Tellimistingimused 1.1. Tingimused kehtivad isiku (edaspidi Klient) ja ostukeskkonna suurmuna.ee (edaspidi Ostukeskkond) omaniku Munajala O\u00dc vahel, Ostukeskkonna vahendusel teenuste ja [&hellip;]\" \/>\n<meta property=\"og:url\" content=\"https:\/\/suurmuna.ee\/tingimused\/\" \/>\n<meta property=\"og:site_name\" content=\"Suur Muna\" \/>\n<meta property=\"article:publisher\" content=\"https:\/\/www.facebook.com\/HaanjaSuurMuna\/\" \/>\n<meta property=\"article:modified_time\" content=\"2021-03-28T16:42:52+00:00\" \/>\n<meta property=\"og:image\" content=\"https:\/\/suurmuna.ee\/wp-content\/uploads\/2020\/03\/IMG_4562.jpg\" \/>\n\t<meta property=\"og:image:width\" content=\"1920\" \/>\n\t<meta property=\"og:image:height\" content=\"1080\" \/>\n\t<meta property=\"og:image:type\" content=\"image\/jpeg\" \/>\n<meta name=\"twitter:card\" content=\"summary_large_image\" \/>\n<meta name=\"twitter:site\" content=\"@suurmuna\" \/>\n<meta name=\"twitter:label1\" content=\"Est. reading time\" \/>\n\t<meta name=\"twitter:data1\" content=\"3 minutes\" \/>\n<script type=\"application\/ld+json\" class=\"yoast-schema-graph\">{\"@context\":\"https:\/\/schema.org\",\"@graph\":[{\"@type\":\"WebPage\",\"@id\":\"https:\/\/suurmuna.ee\/tingimused\/\",\"url\":\"https:\/\/suurmuna.ee\/tingimused\/\",\"name\":\"Ostutingimused - Suur Muna\",\"isPartOf\":{\"@id\":\"https:\/\/suurmuna.ee\/#website\"},\"primaryImageOfPage\":{\"@id\":\"https:\/\/suurmuna.ee\/tingimused\/#primaryimage\"},\"image\":{\"@id\":\"https:\/\/suurmuna.ee\/tingimused\/#primaryimage\"},\"thumbnailUrl\":\"https:\/\/suurmuna.ee\/wp-content\/uploads\/2020\/03\/IMG_4562.jpg\",\"datePublished\":\"2018-09-11T13:11:53+00:00\",\"dateModified\":\"2021-03-28T16:42:52+00:00\",\"breadcrumb\":{\"@id\":\"https:\/\/suurmuna.ee\/tingimused\/#breadcrumb\"},\"inLanguage\":\"en-US\",\"potentialAction\":[{\"@type\":\"ReadAction\",\"target\":[\"https:\/\/suurmuna.ee\/tingimused\/\"]}]},{\"@type\":\"ImageObject\",\"inLanguage\":\"en-US\",\"@id\":\"https:\/\/suurmuna.ee\/tingimused\/#primaryimage\",\"url\":\"https:\/\/suurmuna.ee\/wp-content\/uploads\/2020\/03\/IMG_4562.jpg\",\"contentUrl\":\"https:\/\/suurmuna.ee\/wp-content\/uploads\/2020\/03\/IMG_4562.jpg\",\"width\":1920,\"height\":1080},{\"@type\":\"BreadcrumbList\",\"@id\":\"https:\/\/suurmuna.ee\/tingimused\/#breadcrumb\",\"itemListElement\":[{\"@type\":\"ListItem\",\"position\":1,\"name\":\"Home\",\"item\":\"https:\/\/suurmuna.ee\/en\/\"},{\"@type\":\"ListItem\",\"position\":2,\"name\":\"Ostutingimused\"}]},{\"@type\":\"WebSite\",\"@id\":\"https:\/\/suurmuna.ee\/#website\",\"url\":\"https:\/\/suurmuna.ee\/\",\"name\":\"Suur Muna\",\"description\":\"Suure Muna restoran Haanjas\",\"publisher\":{\"@id\":\"https:\/\/suurmuna.ee\/#organization\"},\"potentialAction\":[{\"@type\":\"SearchAction\",\"target\":{\"@type\":\"EntryPoint\",\"urlTemplate\":\"https:\/\/suurmuna.ee\/?s={search_term_string}\"},\"query-input\":{\"@type\":\"PropertyValueSpecification\",\"valueRequired\":true,\"valueName\":\"search_term_string\"}}],\"inLanguage\":\"en-US\"},{\"@type\":\"Organization\",\"@id\":\"https:\/\/suurmuna.ee\/#organization\",\"name\":\"Restoran Suur Muna\",\"url\":\"https:\/\/suurmuna.ee\/\",\"logo\":{\"@type\":\"ImageObject\",\"inLanguage\":\"en-US\",\"@id\":\"https:\/\/suurmuna.ee\/#\/schema\/logo\/image\/\",\"url\":\"https:\/\/suurmuna.ee\/wp-content\/uploads\/2020\/03\/LOGO_100X100.jpg\",\"contentUrl\":\"https:\/\/suurmuna.ee\/wp-content\/uploads\/2020\/03\/LOGO_100X100.jpg\",\"width\":100,\"height\":100,\"caption\":\"Restoran Suur Muna\"},\"image\":{\"@id\":\"https:\/\/suurmuna.ee\/#\/schema\/logo\/image\/\"},\"sameAs\":[\"https:\/\/www.facebook.com\/HaanjaSuurMuna\/\",\"https:\/\/x.com\/suurmuna\",\"https:\/\/www.instagram.com\/suurmunahaanjas\",\"https:\/\/www.youtube.com\/channel\/UCV6_DtuqXUMLLogb8vdsTCw\"]}]}<\/script>\n<!-- \/ Yoast SEO plugin. -->","yoast_head_json":{"title":"Ostutingimused - Suur Muna","robots":{"index":"index","follow":"follow","max-snippet":"max-snippet:-1","max-image-preview":"max-image-preview:large","max-video-preview":"max-video-preview:-1"},"canonical":"https:\/\/suurmuna.ee\/tingimused\/","og_locale":"en_US","og_type":"article","og_title":"Ostutingimused - Suur Muna","og_description":"1.Tellimistingimused 1.1. Tingimused kehtivad isiku (edaspidi Klient) ja ostukeskkonna suurmuna.ee (edaspidi Ostukeskkond) omaniku Munajala O\u00dc vahel, Ostukeskkonna vahendusel teenuste ja [&hellip;]","og_url":"https:\/\/suurmuna.ee\/tingimused\/","og_site_name":"Suur Muna","article_publisher":"https:\/\/www.facebook.com\/HaanjaSuurMuna\/","article_modified_time":"2021-03-28T16:42:52+00:00","og_image":[{"width":1920,"height":1080,"url":"https:\/\/suurmuna.ee\/wp-content\/uploads\/2020\/03\/IMG_4562.jpg","type":"image\/jpeg"}],"twitter_card":"summary_large_image","twitter_site":"@suurmuna","twitter_misc":{"Est. reading time":"3 minutes"},"schema":{"@context":"https:\/\/schema.org","@graph":[{"@type":"WebPage","@id":"https:\/\/suurmuna.ee\/tingimused\/","url":"https:\/\/suurmuna.ee\/tingimused\/","name":"Ostutingimused - Suur Muna","isPartOf":{"@id":"https:\/\/suurmuna.ee\/#website"},"primaryImageOfPage":{"@id":"https:\/\/suurmuna.ee\/tingimused\/#primaryimage"},"image":{"@id":"https:\/\/suurmuna.ee\/tingimused\/#primaryimage"},"thumbnailUrl":"https:\/\/suurmuna.ee\/wp-content\/uploads\/2020\/03\/IMG_4562.jpg","datePublished":"2018-09-11T13:11:53+00:00","dateModified":"2021-03-28T16:42:52+00:00","breadcrumb":{"@id":"https:\/\/suurmuna.ee\/tingimused\/#breadcrumb"},"inLanguage":"en-US","potentialAction":[{"@type":"ReadAction","target":["https:\/\/suurmuna.ee\/tingimused\/"]}]},{"@type":"ImageObject","inLanguage":"en-US","@id":"https:\/\/suurmuna.ee\/tingimused\/#primaryimage","url":"https:\/\/suurmuna.ee\/wp-content\/uploads\/2020\/03\/IMG_4562.jpg","contentUrl":"https:\/\/suurmuna.ee\/wp-content\/uploads\/2020\/03\/IMG_4562.jpg","width":1920,"height":1080},{"@type":"BreadcrumbList","@id":"https:\/\/suurmuna.ee\/tingimused\/#breadcrumb","itemListElement":[{"@type":"ListItem","position":1,"name":"Home","item":"https:\/\/suurmuna.ee\/en\/"},{"@type":"ListItem","position":2,"name":"Ostutingimused"}]},{"@type":"WebSite","@id":"https:\/\/suurmuna.ee\/#website","url":"https:\/\/suurmuna.ee\/","name":"Suur Muna","description":"Suure Muna restoran Haanjas","publisher":{"@id":"https:\/\/suurmuna.ee\/#organization"},"potentialAction":[{"@type":"SearchAction","target":{"@type":"EntryPoint","urlTemplate":"https:\/\/suurmuna.ee\/?s={search_term_string}"},"query-input":{"@type":"PropertyValueSpecification","valueRequired":true,"valueName":"search_term_string"}}],"inLanguage":"en-US"},{"@type":"Organization","@id":"https:\/\/suurmuna.ee\/#organization","name":"Restoran Suur Muna","url":"https:\/\/suurmuna.ee\/","logo":{"@type":"ImageObject","inLanguage":"en-US","@id":"https:\/\/suurmuna.ee\/#\/schema\/logo\/image\/","url":"https:\/\/suurmuna.ee\/wp-content\/uploads\/2020\/03\/LOGO_100X100.jpg","contentUrl":"https:\/\/suurmuna.ee\/wp-content\/uploads\/2020\/03\/LOGO_100X100.jpg","width":100,"height":100,"caption":"Restoran Suur Muna"},"image":{"@id":"https:\/\/suurmuna.ee\/#\/schema\/logo\/image\/"},"sameAs":["https:\/\/www.facebook.com\/HaanjaSuurMuna\/","https:\/\/x.com\/suurmuna","https:\/\/www.instagram.com\/suurmunahaanjas","https:\/\/www.youtube.com\/channel\/UCV6_DtuqXUMLLogb8vdsTCw"]}]}},"_links":{"self":[{"href":"https:\/\/suurmuna.ee\/en\/wp-json\/wp\/v2\/pages\/3985"}],"collection":[{"href":"https:\/\/suurmuna.ee\/en\/wp-json\/wp\/v2\/pages"}],"about":[{"href":"https:\/\/suurmuna.ee\/en\/wp-json\/wp\/v2\/types\/page"}],"author":[{"embeddable":true,"href":"https:\/\/suurmuna.ee\/en\/wp-json\/wp\/v2\/users\/1"}],"replies":[{"embeddable":true,"href":"https:\/\/suurmuna.ee\/en\/wp-json\/wp\/v2\/comments?post=3985"}],"version-history":[{"count":22,"href":"https:\/\/suurmuna.ee\/en\/wp-json\/wp\/v2\/pages\/3985\/revisions"}],"predecessor-version":[{"id":11047,"href":"https:\/\/suurmuna.ee\/en\/wp-json\/wp\/v2\/pages\/3985\/revisions\/11047"}],"wp:featuredmedia":[{"embeddable":true,"href":"https:\/\/suurmuna.ee\/en\/wp-json\/wp\/v2\/media\/7512"}],"wp:attachment":[{"href":"https:\/\/suurmuna.ee\/en\/wp-json\/wp\/v2\/media?parent=3985"}],"curies":[{"name":"wp","href":"https:\/\/api.w.org\/{rel}","templated":true}]}}