{"id":15962,"date":"2025-08-22T09:06:36","date_gmt":"2025-08-22T09:06:36","guid":{"rendered":"https:\/\/suurmuna.ee\/?page_id=15962"},"modified":"2025-10-09T18:32:55","modified_gmt":"2025-10-09T18:32:55","slug":"kafejnica-restorans","status":"publish","type":"page","link":"https:\/\/suurmuna.ee\/en\/kafejnica-restorans\/","title":{"rendered":"Sveiki!"},"content":{"rendered":"<section class=\"wpb-content-wrapper\"><p>[vc_row css=&#8221;.vc_custom_1590952770381{margin-top: 0px !important;}&#8221;][vc_column][rev_slider_vc alias=&#8221;restaurant-slider-1&#8243;][vc_empty_space][\/vc_column][\/vc_row][vc_row content_placement=&#8221;middle&#8221; css=&#8221;.vc_custom_1747907242391{margin-top: 0px !important;background-image: url(https:\/\/suurmuna.ee\/wp-content\/uploads\/2024\/08\/IMG_4003-Edit.jpg?id=13830) !important;background-position: center !important;background-repeat: no-repeat !important;background-size: cover !important;}&#8221;][vc_column][vc_empty_space height=&#8221;50px&#8221;][vc_column_text]<\/p>\n<h2 style=\"text-align: center;\"><span class=\"Y2IQFc\" lang=\"lv\" style=\"color: #ffffff;\">RESTOR\u0100NS SUUR MUNA DARBA LAIKS <\/span><\/h2>\n<h2 style=\"text-align: center;\"><span class=\"Y2IQFc\" lang=\"lv\" style=\"color: #ffffff;\">NO PIRMDIENAS L\u012aDZ SESTDIENAI 11-21 SV\u0112TDIEN 11-18<\/span><\/h2>\n<p>[\/vc_column_text][vc_empty_space height=&#8221;20px&#8221;]<a  href=\"https:\/\/suurmuna.ee\/en\/menue\/\"  target=\"_self\"  title=\"\" class=\"tt_button tt_primary_button btn_primary_color  button-center button-action-link\" ><span class=\"prim_text\">IZV\u0112LNE<\/span><\/a>[vc_empty_space height=&#8221;20px&#8221;][vc_empty_space][\/vc_column][\/vc_row][vc_row full_width=&#8221;stretch_row_content&#8221; css=&#8221;.vc_custom_1598275296127{border-right-width: 50px !important;border-left-width: 50px !important;background-position: center !important;background-repeat: no-repeat !important;background-size: cover !important;}&#8221;][vc_column css=&#8221;.vc_custom_1516009024901{padding-right: 0px !important;padding-left: 0px !important;}&#8221;][vc_empty_space][\/vc_column][\/vc_row][vc_row full_width=&#8221;stretch_row_content&#8221; css=&#8221;.vc_custom_1598275296127{border-right-width: 50px !important;border-left-width: 50px !important;background-position: center !important;background-repeat: no-repeat !important;background-size: cover !important;}&#8221;][vc_column css=&#8221;.vc_custom_1516009024901{padding-right: 0px !important;padding-left: 0px !important;}&#8221;][vc_row_inner css=&#8221;.vc_custom_1598440073283{padding-top: 30px !important;padding-right: 50px !important;padding-bottom: 0px !important;padding-left: 50px !important;background-color: #f5f5f5 !important;}&#8221;][vc_column_inner width=&#8221;1\/5&#8243;]<div class=\"cb-container cb-cont-center\" style=\"background-color: #fff;\" ><div class=\"cb-img-area\"><i class=\"iconsmind-Plates iconsmind-Food-Drinks\" style=\"font-size: 35px; \"><\/i> <\/div><div class=\"cb-text-area\">\n                    <h4 class=\"cb-heading \" ><\/h4><p >NO FERMAS L\u012aDZ DAK\u0160IEM<\/p><\/div><\/div>[\/vc_column_inner][vc_column_inner width=&#8221;1\/5&#8243;]<a href=\"https:\/\/suurmuna.ee\/en\/menue\/\" target=\"\"><div class=\"cb-container cb-cont-center\" style=\"background-color: #fff;\" ><div class=\"cb-img-area\"><i class=\"iconsmind-Baby-Cry iconsmind-People\" style=\"font-size: 35px; \"><\/i> <\/div><div class=\"cb-text-area\">\n                    <h4 class=\"cb-heading \" ><\/h4><p >B\u0112RNIEM DRAUDZ\u012aGS<\/p><\/div><\/div><\/a>[\/vc_column_inner][vc_column_inner width=&#8221;1\/5&#8243;]<div class=\"cb-container cb-cont-center\" style=\"background-color: #fff;\" ><div class=\"cb-img-area\"><i class=\"iconsmind-Horse iconsmind-Animals\" style=\"font-size: 35px; \"><\/i> <\/div><div class=\"cb-text-area\">\n                    <h4 class=\"cb-heading \" ><\/h4><p >DZ\u012aVNIEKU DRAUDZ\u012aGS<\/p><\/div><\/div>[\/vc_column_inner][vc_column_inner width=&#8221;1\/5&#8243;]<a href=\"https:\/\/suurmuna.ee\/en\/remoteworking\/\" target=\"\"><div class=\"cb-container cb-cont-center\" style=\"background-color: #fff;\" ><div class=\"cb-img-area\"><i class=\"iconsmind-Professor iconsmind-People\" style=\"font-size: 35px; \"><\/i> <\/div><div class=\"cb-text-area\">\n                    <h4 class=\"cb-heading \" ><\/h4><p >SEMIN\u0100RS, APM\u0100C\u012aBAS<\/p><\/div><\/div><\/a>[\/vc_column_inner][vc_column_inner width=&#8221;1\/5&#8243;]<div class=\"cb-container cb-cont-center\" style=\"background-color: #fff;\" ><div class=\"cb-img-area\"><i class=\"iconsmind-Birthday-Cake iconsmind-Food-Drinks\" style=\"font-size: 35px; \"><\/i> <\/div><div class=\"cb-text-area\">\n                    <h4 class=\"cb-heading \" ><\/h4><p >VIENM\u0112R KO SVIN\u0112T<\/p><\/div><\/div>[\/vc_column_inner][\/vc_row_inner][\/vc_column][\/vc_row][vc_row][vc_column width=&#8221;1\/2&#8243;][vc_empty_space][vc_single_image image=&#8221;15474&#8243; img_size=&#8221;large&#8221; onclick=&#8221;custom_link&#8221; img_link_target=&#8221;_blank&#8221; link=&#8221;https:\/\/suurmuna.ee\/en\/menue\/&#8221;][\/vc_column][vc_column width=&#8221;1\/2&#8243;][vc_empty_space]<header class=\"kd-section-title col-lg-12 text-left solid-line sep-border-width-1 100px kd-animated fadeInDown  \" data-animation-delay=200><h2 class=\"separator_on\" >RESTOR\u0100NS SUUR MUNA - LABS \u0112DIENS UN PAT\u012aKAMA ATMOSF\u0112RA<\/h2><div class=\"kd-separator below_title\" style=\"width:100px;\"><div class=\"kd-separator-line\" style=\"border-color:#ac8b67\"><\/div><\/div><h6 class=\"subtitle \" >SUUR MUNAM\u00c4GI pak\u0101j\u0113<\/h6><\/header>[vc_column_text css_animation=&#8221;fadeInDown&#8221;]Esiet laipni aicin\u0101ti visas dienas garum\u0101 ietur\u0113t malt\u012btes kafejn\u012bc\u0101-restor\u0101n\u0101 Suur Muna. Visa p\u0101rtika ir izgatavota no sast\u0101vda\u013c\u0101m no 15\u00a0km r\u0101diusa, un to biolo\u0123iski ra\u017eo viet\u0113j\u0101s saimniec\u012bbas.<br \/>\nParasti mums ir pieejami da\u017ei bezmaksas galdi. Bet, lai garant\u0113tu jums lab\u0101ko galdu un iecien\u012bt\u0101ko \u0113dienu, m\u0113s iesak\u0101m rezerv\u0113t galdi\u0146u iepriek\u0161.[\/vc_column_text]<a  href=\"https:\/\/suurmuna.ee\/en\/menue\/\"  target=\"_self\"  title=\"IZV\u0112LNE\" class=\"tt_button tt_primary_button btn_primary_color  pull-left button-action-link\" ><span class=\"prim_text\">IZV\u0112LNE<\/span><\/a>[vc_empty_space][\/vc_column][\/vc_row][vc_row][vc_column width=&#8221;1\/2&#8243;][vc_empty_space]<header class=\"kd-section-title col-lg-12 text-left solid-line sep-border-width-1 100px kd-animated fadeInDown  \" data-animation-delay=200><h2 class=\"separator_on\" >NO FERMAS L\u012aDZ DAK\u0160IEM<\/h2><div class=\"kd-separator below_title\" style=\"width:100px;\"><div class=\"kd-separator-line\" style=\"border-color:#ac8b67\"><\/div><\/div><\/header>[vc_column_text css_animation=&#8221;fadeInDown&#8221;]<\/p>\n<p id=\"tw-target-text\" class=\"tw-data-text tw-text-large tw-ta\" dir=\"ltr\" data-placeholder=\"Translation\" data-ved=\"2ahUKEwjnhJjgh7SNAxWMKhAIHRDdDb0Q3ewLegQICRAV\" aria-label=\"Translated text: Ja ierodaties ar liel\u0101ku grupu, l\u016bdzu, inform\u0113jiet m\u016bs vismaz 1 dienu iepriek\u0161. Ja v\u0113laties galdi\u0146u tai pa\u0161ai dienai, l\u016bdzu zvaniet pa t\u0101lruni 58664668. T\u0101d\u0101 veid\u0101 varam gl\u012bti visu sagatavot un b\u016bt gatavi J\u016bsu iera\u0161an\u0101s br\u012bdim. Rezerv\u0113jot visu otro st\u0101vu, tiks pieskait\u012bta telpu \u012bre 50\u20ac\/h. M\u016bsu virtuve tiek sl\u0113gta 1 stundu pirms kafejn\u012bcas sl\u0113g\u0161anas. Tiekamies Liel\u0101 Mun\u0101!\"><span class=\"Y2IQFc\" lang=\"lv\">Ja ierodaties ar liel\u0101ku grupu, l\u016bdzu, inform\u0113jiet m\u016bs vismaz 1 dienu iepriek\u0161. Ja v\u0113laties galdi\u0146u tai pa\u0161ai dienai, l\u016bdzu zvaniet pa t\u0101lruni 58664668. T\u0101d\u0101 veid\u0101 varam gl\u012bti visu sagatavot un b\u016bt gatavi J\u016bsu iera\u0161an\u0101s br\u012bdim. Rezerv\u0113jot visu otro st\u0101vu, tiks pieskait\u012bta telpu \u012bre 50\u20ac\/h. M\u016bsu virtuve tiek sl\u0113gta 1 stundu pirms kafejn\u012bcas sl\u0113g\u0161anas. Tiekamies SUUR MUNA!<\/span><\/p>\n<p>[\/vc_column_text]<a  href=\"https:\/\/suurmuna.ee\/en\/table_reservation\/\"  target=\"_self\"  title=\"REZERV\u0112 GALDU\" class=\"tt_button tt_primary_button btn_primary_color  pull-left button-action-link\" ><span class=\"prim_text\">REZERV\u0112 GALDU<\/span><\/a>[\/vc_column][vc_column width=&#8221;1\/2&#8243;][vc_empty_space][vc_single_image image=&#8221;15486&#8243; img_size=&#8221;large&#8221; onclick=&#8221;custom_link&#8221; img_link_target=&#8221;_blank&#8221; link=&#8221;https:\/\/suurmuna.ee\/en\/table_reservation\/&#8221;][\/vc_column][vc_column][vc_empty_space][\/vc_column][\/vc_row][vc_row][vc_column width=&#8221;1\/2&#8243;][vc_empty_space][vc_single_image image=&#8221;10591&#8243; img_size=&#8221;large&#8221; onclick=&#8221;custom_link&#8221; img_link_target=&#8221;_blank&#8221; link=&#8221;https:\/\/kupland.ee\/lv&#8221;][\/vc_column][vc_column width=&#8221;1\/2&#8243;][vc_empty_space]<header class=\"kd-section-title col-lg-12 text-left solid-line sep-border-width-1 100px kd-animated fadeInDown  \" data-animation-delay=200><h2 class=\"separator_on\" >SEMIN\u0100RS, M\u0100C\u012aBAS, TIK\u0160AN\u0100S<\/h2><div class=\"kd-separator below_title\" style=\"width:100px;\"><div class=\"kd-separator-line\" style=\"border-color:#ac8b67\"><\/div><\/div><\/header>[vc_column_text css_animation=&#8221;fadeInDown&#8221;]Suur Muna klienti var baud\u012bt galven\u0101s pamatties\u012bbas Igaunij\u0101, proti, \u0101trgaitas bezmaksas Wi-Fi un iesp\u0113ju uzl\u0101d\u0113t visas savas elektronisk\u0101s ier\u012bces.<br \/>\nMums ir pietiekami daudz vietas l\u012bdz 25 cilv\u0113kiem semin\u0101riem, apm\u0101c\u012bb\u0101m, un j\u016bs vienm\u0113r esat laipni aicin\u0101ti izmantot m\u016bsu telpas k\u0101 savu att\u0101lo biroju. Jums ir pieejams sekojo\u0161s tehniskais apr\u012bkojums k\u0101 datu projektors un ekr\u0101ns, kr\u0101su printeris.[\/vc_column_text]<a  href=\"https:\/\/suurmuna.ee\/en\/remoteworking\/\"  target=\"_self\"  title=\"SINU PIDU\" class=\"tt_button tt_primary_button btn_primary_color  pull-left button-action-link\" ><span class=\"prim_text\">SEMIN\u0100RS, TIK\u0160AN\u0100S, APM\u0100C\u012aBAS<\/span><\/a>[\/vc_column][vc_column][vc_empty_space][\/vc_column][\/vc_row][vc_row][vc_column width=&#8221;1\/2&#8243;][vc_empty_space]<header class=\"kd-section-title col-lg-12 text-left solid-line sep-border-width-1 100px kd-animated fadeInDown  \" data-animation-delay=200><h2 class=\"separator_on\" >HAANJAMAA, SUUR MUNAM\u00c4GI<\/h2><div class=\"kd-separator below_title\" style=\"width:100px;\"><div class=\"kd-separator-line\" style=\"border-color:#ac8b67\"><\/div><\/div><\/header>[vc_column_text css_animation=&#8221;fadeInDown&#8221;]Restor\u0101ns SUUR MUNA \u00a0atrodas Haanja dabas park\u0101, Veru apri\u0146\u0137a centr\u0101. H\u0101njas augstiene, Igaunijas augst\u0101k\u0101 teritorija (apm\u0113ram 18% no plat\u012bbas atrodas augst\u0101k par 250 m no j\u016bras l\u012bme\u0146a. Dabas parks (t\u0101 plat\u012bba ap 17 000 ha) izveidots, lai nodro\u0161in\u0101tu H\u0101nas augstienei rakstur\u012bgo ainavu un dabas kopienu saglab\u0101\u0161anu, atjauno\u0161anu un att\u012bst\u012bbu, k\u0101 ar\u012b v\u0113sturiski iedibin\u0101to zemju, saimniec\u012bbas, dz\u012bvesveidu. gan\u012bbas un z\u0101l\u0101ji, k\u0101 ar\u012b amatniec\u012bbas trad\u012bcijas slikt\u0101s aramzemes d\u0113\u013c. Dabas park\u0101 atrodas Baltijas augst\u0101kais punkts \u2013 Suur Munam\u00e4gi (318 m) un Igaunijas dzi\u013c\u0101kais ezers \u2013 R\u00f5uge Suurj\u00e4rv (38 m).[\/vc_column_text]<a  href=\"https:\/\/visitsouthestonia.com\/lv\/\"  target=\"_self\"  title=\"Senatn\u012bgs un m\u016bsdien\u012bgs\" class=\"tt_button tt_primary_button btn_primary_color  pull-left button-action-link\" ><span class=\"prim_text\">DIENVIDIGAUNIJA<\/span><\/a>[\/vc_column][vc_column width=&#8221;1\/2&#8243;][vc_empty_space][vc_single_image image=&#8221;15551&#8243; img_size=&#8221;large&#8221; onclick=&#8221;custom_link&#8221; link=&#8221;http:\/\/www.suurmuna.ee\/kinokava&#8221;][\/vc_column][vc_column][vc_empty_space][\/vc_column][\/vc_row][vc_row][vc_column width=&#8221;1\/2&#8243;][vc_empty_space]<header class=\"kd-section-title col-lg-12 text-left solid-line sep-border-width-1 100px kd-animated fadeInDown  \" data-animation-delay=200><h2 class=\"separator_on\" >KONTAKTI<\/h2><div class=\"kd-separator below_title\" style=\"width:100px;\"><div class=\"kd-separator-line\" style=\"border-color:#ac8b67\"><\/div><\/div><\/header>[vc_empty_space][vc_column_text css_animation=&#8221;fadeInDown&#8221;]<\/p>\n<p id=\"tw-target-text\" class=\"tw-data-text tw-text-large tw-ta\" dir=\"ltr\" data-placeholder=\"Translation\" data-ved=\"2ahUKEwjnhJjgh7SNAxWMKhAIHRDdDb0Q3ewLegQICRAV\" aria-label=\"Translated text: Esam atv\u0113rti! P-S 11-21 \/ Sv 11-18 muna@suurmuna.ee 58664668 Muna-M\u00e4e Haanja ciems, R\u00f5uge pa\u0161vald\u012bba. Verumaa Baku pa\u0161vald\u012bba. Veru apri\u0146\u0137is 65101\"><span class=\"Y2IQFc\" lang=\"lv\">Esam atv\u0113rti! <\/span><\/p>\n<p class=\"tw-data-text tw-text-large tw-ta\" dir=\"ltr\" data-placeholder=\"Translation\" data-ved=\"2ahUKEwjnhJjgh7SNAxWMKhAIHRDdDb0Q3ewLegQICRAV\" aria-label=\"Translated text: Esam atv\u0113rti! P-S 11-21 \/ Sv 11-18 muna@suurmuna.ee 58664668 Muna-M\u00e4e Haanja ciems, R\u00f5uge pa\u0161vald\u012bba. Verumaa Baku pa\u0161vald\u012bba. Veru apri\u0146\u0137is 65101\"><span class=\"Y2IQFc\" lang=\"lv\">P-S 10-21 \/ Sv 10-18 <\/span><\/p>\n<p class=\"tw-data-text tw-text-large tw-ta\" dir=\"ltr\" data-placeholder=\"Translation\" data-ved=\"2ahUKEwjnhJjgh7SNAxWMKhAIHRDdDb0Q3ewLegQICRAV\" aria-label=\"Translated text: Esam atv\u0113rti! P-S 11-21 \/ Sv 11-18 muna@suurmuna.ee 58664668 Muna-M\u00e4e Haanja ciems, R\u00f5uge pa\u0161vald\u012bba. Verumaa Baku pa\u0161vald\u012bba. Veru apri\u0146\u0137is 65101\"><a href=\"mailto:muna@suurmuna.ee\"><span class=\"Y2IQFc\" lang=\"lv\">muna@suurmuna.ee <\/span><\/a><\/p>\n<p class=\"tw-data-text tw-text-large tw-ta\" dir=\"ltr\" data-placeholder=\"Translation\" data-ved=\"2ahUKEwjnhJjgh7SNAxWMKhAIHRDdDb0Q3ewLegQICRAV\" aria-label=\"Translated text: Esam atv\u0113rti! P-S 11-21 \/ Sv 11-18 muna@suurmuna.ee 58664668 Muna-M\u00e4e Haanja ciems, R\u00f5uge pa\u0161vald\u012bba. Verumaa Baku pa\u0161vald\u012bba. Veru apri\u0146\u0137is 65101\"><a href=\"tel:+37258664668\"><span class=\"Y2IQFc\" lang=\"lv\">58664668 <\/span><\/a><\/p>\n<p class=\"tw-data-text tw-text-large tw-ta\" dir=\"ltr\" data-placeholder=\"Translation\" data-ved=\"2ahUKEwjnhJjgh7SNAxWMKhAIHRDdDb0Q3ewLegQICRAV\" aria-label=\"Translated text: Esam atv\u0113rti! P-S 11-21 \/ Sv 11-18 muna@suurmuna.ee 58664668 Muna-M\u00e4e Haanja ciems, R\u00f5uge pa\u0161vald\u012bba. Verumaa Baku pa\u0161vald\u012bba. Veru apri\u0146\u0137is 65101\">Haanja, Suur Munam\u00e4gi<\/p>\n<p>[\/vc_column_text][\/vc_column][vc_column width=&#8221;1\/2&#8243;][vc_gmaps link=&#8221;#E-8_JTNDaWZyYW1lJTIwc3JjJTNEJTIyaHR0cHMlM0ElMkYlMkZ3d3cuZ29vZ2xlLmNvbSUyRm1hcHMlMkZlbWJlZCUzRnBiJTNEJTIxMW0xNCUyMTFtOCUyMTFtMyUyMTFkMTYxNzQuNDUzODkyNzY1NDklMjEyZDI0LjgzNzg1NiUyMTNkNTkuNTUyOTcxJTIxM20yJTIxMWkxMDI0JTIxMmk3NjglMjE0ZjEzLjElMjEzbTMlMjExbTIlMjExczB4NDZlYWY2ZjZhNzEyNTcwNyUyNTNBMHhkYzQ2YmVkY2FhMTc1Njc1JTIxMnNLb2h2aWslMjUyMFN1dXIlMjUyME11bmElMjE1ZTAlMjEzbTIlMjExc2VuJTIxMnNlZSUyMTR2MTU5ODI5ODk0MzQ4NyUyMTVtMiUyMTFzZW4lMjEyc2VlJTIyJTIwd2lkdGglM0QlMjI2MDAlMjIlMjBoZWlnaHQlM0QlMjI0NTAlMjIlMjBmcmFtZWJvcmRlciUzRCUyMjAlMjIlMjBzdHlsZSUzRCUyMmJvcmRlciUzQTAlM0IlMjIlMjBhbGxvd2Z1bGxzY3JlZW4lM0QlMjIlMjIlMjBhcmlhLWhpZGRlbiUzRCUyMmZhbHNlJTIyJTIwdGFiaW5kZXglM0QlMjIwJTIyJTNFJTNDJTJGaWZyYW1lJTNF&#8221;][\/vc_column][\/vc_row]<\/p>\n<\/section>","protected":false},"excerpt":{"rendered":"<p>[vc_row css=&#8221;.vc_custom_1590952770381{margin-top: 0px !important;}&#8221;][vc_column][rev_slider_vc alias=&#8221;restaurant-slider-1&#8243;][vc_empty_space][\/vc_column][\/vc_row][vc_row content_placement=&#8221;middle&#8221; css=&#8221;.vc_custom_1747907242391{margin-top: 0px !important;background-image: url(https:\/\/suurmuna.ee\/wp-content\/uploads\/2024\/08\/IMG_4003-Edit.jpg?id=13830) !important;background-position: center !important;background-repeat: no-repeat !important;background-size: cover !important;}&#8221;][vc_column][vc_empty_space height=&#8221;50px&#8221;][vc_column_text] RESTOR\u0100NS SUUR [&hellip;]<\/p>\n","protected":false},"author":5,"featured_media":0,"parent":0,"menu_order":0,"comment_status":"closed","ping_status":"closed","template":"","meta":{"editor_plus_copied_stylings":"{}","footnotes":""},"yoast_head":"<!-- This site is optimized with the Yoast SEO plugin v24.5 - https:\/\/yoast.com\/wordpress\/plugins\/seo\/ -->\n<title>Kafejn\u012bca-restor\u0101ns Dienvidigaunij\u0101, Suur Muna<\/title>\n<meta name=\"description\" content=\"Kafejn\u012bca-restor\u0101ns Dienvidigaunij\u0101, Suur Muna, Esam atv\u0113rti!P-S 10-21 \/ Sv 10-18\" \/>\n<meta name=\"robots\" content=\"index, follow, max-snippet:-1, max-image-preview:large, max-video-preview:-1\" \/>\n<link rel=\"canonical\" href=\"https:\/\/suurmuna.ee\/en\/kafejnica-restorans\/\" \/>\n<meta property=\"og:locale\" content=\"en_US\" \/>\n<meta property=\"og:type\" content=\"article\" \/>\n<meta property=\"og:title\" content=\"Kafejn\u012bca-restor\u0101ns Dienvidigaunij\u0101, Suur Muna\" \/>\n<meta property=\"og:description\" content=\"Kafejn\u012bca-restor\u0101ns Dienvidigaunij\u0101, Suur Muna, Esam atv\u0113rti!P-S 10-21 \/ Sv 10-18\" \/>\n<meta property=\"og:url\" content=\"https:\/\/suurmuna.ee\/en\/kafejnica-restorans\/\" \/>\n<meta property=\"og:site_name\" content=\"Suur Muna\" \/>\n<meta property=\"article:publisher\" content=\"https:\/\/www.facebook.com\/HaanjaSuurMuna\/\" \/>\n<meta property=\"article:modified_time\" content=\"2025-10-09T18:32:55+00:00\" \/>\n<meta property=\"og:image\" content=\"https:\/\/suurmuna.ee\/wp-content\/uploads\/2020\/03\/IMG_9891.jpg\" \/>\n\t<meta property=\"og:image:width\" content=\"1920\" \/>\n\t<meta property=\"og:image:height\" content=\"1080\" \/>\n\t<meta property=\"og:image:type\" content=\"image\/jpeg\" \/>\n<meta name=\"twitter:card\" content=\"summary_large_image\" \/>\n<meta name=\"twitter:site\" content=\"@suurmuna\" \/>\n<meta name=\"twitter:label1\" content=\"Est. reading time\" \/>\n\t<meta name=\"twitter:data1\" content=\"4 minutes\" \/>\n<script type=\"application\/ld+json\" class=\"yoast-schema-graph\">{\"@context\":\"https:\/\/schema.org\",\"@graph\":[{\"@type\":\"WebPage\",\"@id\":\"https:\/\/suurmuna.ee\/en\/kafejnica-restorans\/\",\"url\":\"https:\/\/suurmuna.ee\/en\/kafejnica-restorans\/\",\"name\":\"Kafejn\u012bca-restor\u0101ns Dienvidigaunij\u0101, Suur Muna\",\"isPartOf\":{\"@id\":\"https:\/\/suurmuna.ee\/#website\"},\"datePublished\":\"2025-08-22T09:06:36+00:00\",\"dateModified\":\"2025-10-09T18:32:55+00:00\",\"description\":\"Kafejn\u012bca-restor\u0101ns Dienvidigaunij\u0101, Suur Muna, Esam atv\u0113rti!P-S 10-21 \/ Sv 10-18\",\"breadcrumb\":{\"@id\":\"https:\/\/suurmuna.ee\/en\/kafejnica-restorans\/#breadcrumb\"},\"inLanguage\":\"en-US\",\"potentialAction\":[{\"@type\":\"ReadAction\",\"target\":[\"https:\/\/suurmuna.ee\/en\/kafejnica-restorans\/\"]}]},{\"@type\":\"BreadcrumbList\",\"@id\":\"https:\/\/suurmuna.ee\/en\/kafejnica-restorans\/#breadcrumb\",\"itemListElement\":[{\"@type\":\"ListItem\",\"position\":1,\"name\":\"Home\",\"item\":\"https:\/\/suurmuna.ee\/en\/\"},{\"@type\":\"ListItem\",\"position\":2,\"name\":\"Sveiki!\"}]},{\"@type\":\"WebSite\",\"@id\":\"https:\/\/suurmuna.ee\/#website\",\"url\":\"https:\/\/suurmuna.ee\/\",\"name\":\"Suur Muna\",\"description\":\"Suure Muna restoran Haanjas\",\"publisher\":{\"@id\":\"https:\/\/suurmuna.ee\/#organization\"},\"potentialAction\":[{\"@type\":\"SearchAction\",\"target\":{\"@type\":\"EntryPoint\",\"urlTemplate\":\"https:\/\/suurmuna.ee\/?s={search_term_string}\"},\"query-input\":{\"@type\":\"PropertyValueSpecification\",\"valueRequired\":true,\"valueName\":\"search_term_string\"}}],\"inLanguage\":\"en-US\"},{\"@type\":\"Organization\",\"@id\":\"https:\/\/suurmuna.ee\/#organization\",\"name\":\"Restoran Suur Muna\",\"url\":\"https:\/\/suurmuna.ee\/\",\"logo\":{\"@type\":\"ImageObject\",\"inLanguage\":\"en-US\",\"@id\":\"https:\/\/suurmuna.ee\/#\/schema\/logo\/image\/\",\"url\":\"https:\/\/suurmuna.ee\/wp-content\/uploads\/2020\/03\/LOGO_100X100.jpg\",\"contentUrl\":\"https:\/\/suurmuna.ee\/wp-content\/uploads\/2020\/03\/LOGO_100X100.jpg\",\"width\":100,\"height\":100,\"caption\":\"Restoran Suur Muna\"},\"image\":{\"@id\":\"https:\/\/suurmuna.ee\/#\/schema\/logo\/image\/\"},\"sameAs\":[\"https:\/\/www.facebook.com\/HaanjaSuurMuna\/\",\"https:\/\/x.com\/suurmuna\",\"https:\/\/www.instagram.com\/suurmunahaanjas\",\"https:\/\/www.youtube.com\/channel\/UCV6_DtuqXUMLLogb8vdsTCw\"]}]}<\/script>\n<!-- \/ Yoast SEO plugin. -->","yoast_head_json":{"title":"Kafejn\u012bca-restor\u0101ns Dienvidigaunij\u0101, Suur Muna","description":"Kafejn\u012bca-restor\u0101ns Dienvidigaunij\u0101, Suur Muna, Esam atv\u0113rti!P-S 10-21 \/ Sv 10-18","robots":{"index":"index","follow":"follow","max-snippet":"max-snippet:-1","max-image-preview":"max-image-preview:large","max-video-preview":"max-video-preview:-1"},"canonical":"https:\/\/suurmuna.ee\/en\/kafejnica-restorans\/","og_locale":"en_US","og_type":"article","og_title":"Kafejn\u012bca-restor\u0101ns Dienvidigaunij\u0101, Suur Muna","og_description":"Kafejn\u012bca-restor\u0101ns Dienvidigaunij\u0101, Suur Muna, Esam atv\u0113rti!P-S 10-21 \/ Sv 10-18","og_url":"https:\/\/suurmuna.ee\/en\/kafejnica-restorans\/","og_site_name":"Suur Muna","article_publisher":"https:\/\/www.facebook.com\/HaanjaSuurMuna\/","article_modified_time":"2025-10-09T18:32:55+00:00","og_image":[{"width":1920,"height":1080,"url":"https:\/\/suurmuna.ee\/wp-content\/uploads\/2020\/03\/IMG_9891.jpg","type":"image\/jpeg"}],"twitter_card":"summary_large_image","twitter_site":"@suurmuna","twitter_misc":{"Est. reading time":"4 minutes"},"schema":{"@context":"https:\/\/schema.org","@graph":[{"@type":"WebPage","@id":"https:\/\/suurmuna.ee\/en\/kafejnica-restorans\/","url":"https:\/\/suurmuna.ee\/en\/kafejnica-restorans\/","name":"Kafejn\u012bca-restor\u0101ns Dienvidigaunij\u0101, Suur Muna","isPartOf":{"@id":"https:\/\/suurmuna.ee\/#website"},"datePublished":"2025-08-22T09:06:36+00:00","dateModified":"2025-10-09T18:32:55+00:00","description":"Kafejn\u012bca-restor\u0101ns Dienvidigaunij\u0101, Suur Muna, Esam atv\u0113rti!P-S 10-21 \/ Sv 10-18","breadcrumb":{"@id":"https:\/\/suurmuna.ee\/en\/kafejnica-restorans\/#breadcrumb"},"inLanguage":"en-US","potentialAction":[{"@type":"ReadAction","target":["https:\/\/suurmuna.ee\/en\/kafejnica-restorans\/"]}]},{"@type":"BreadcrumbList","@id":"https:\/\/suurmuna.ee\/en\/kafejnica-restorans\/#breadcrumb","itemListElement":[{"@type":"ListItem","position":1,"name":"Home","item":"https:\/\/suurmuna.ee\/en\/"},{"@type":"ListItem","position":2,"name":"Sveiki!"}]},{"@type":"WebSite","@id":"https:\/\/suurmuna.ee\/#website","url":"https:\/\/suurmuna.ee\/","name":"Suur Muna","description":"Suure Muna restoran Haanjas","publisher":{"@id":"https:\/\/suurmuna.ee\/#organization"},"potentialAction":[{"@type":"SearchAction","target":{"@type":"EntryPoint","urlTemplate":"https:\/\/suurmuna.ee\/?s={search_term_string}"},"query-input":{"@type":"PropertyValueSpecification","valueRequired":true,"valueName":"search_term_string"}}],"inLanguage":"en-US"},{"@type":"Organization","@id":"https:\/\/suurmuna.ee\/#organization","name":"Restoran Suur Muna","url":"https:\/\/suurmuna.ee\/","logo":{"@type":"ImageObject","inLanguage":"en-US","@id":"https:\/\/suurmuna.ee\/#\/schema\/logo\/image\/","url":"https:\/\/suurmuna.ee\/wp-content\/uploads\/2020\/03\/LOGO_100X100.jpg","contentUrl":"https:\/\/suurmuna.ee\/wp-content\/uploads\/2020\/03\/LOGO_100X100.jpg","width":100,"height":100,"caption":"Restoran Suur Muna"},"image":{"@id":"https:\/\/suurmuna.ee\/#\/schema\/logo\/image\/"},"sameAs":["https:\/\/www.facebook.com\/HaanjaSuurMuna\/","https:\/\/x.com\/suurmuna","https:\/\/www.instagram.com\/suurmunahaanjas","https:\/\/www.youtube.com\/channel\/UCV6_DtuqXUMLLogb8vdsTCw"]}]}},"_links":{"self":[{"href":"https:\/\/suurmuna.ee\/en\/wp-json\/wp\/v2\/pages\/15962"}],"collection":[{"href":"https:\/\/suurmuna.ee\/en\/wp-json\/wp\/v2\/pages"}],"about":[{"href":"https:\/\/suurmuna.ee\/en\/wp-json\/wp\/v2\/types\/page"}],"author":[{"embeddable":true,"href":"https:\/\/suurmuna.ee\/en\/wp-json\/wp\/v2\/users\/5"}],"replies":[{"embeddable":true,"href":"https:\/\/suurmuna.ee\/en\/wp-json\/wp\/v2\/comments?post=15962"}],"version-history":[{"count":6,"href":"https:\/\/suurmuna.ee\/en\/wp-json\/wp\/v2\/pages\/15962\/revisions"}],"predecessor-version":[{"id":16205,"href":"https:\/\/suurmuna.ee\/en\/wp-json\/wp\/v2\/pages\/15962\/revisions\/16205"}],"wp:attachment":[{"href":"https:\/\/suurmuna.ee\/en\/wp-json\/wp\/v2\/media?parent=15962"}],"curies":[{"name":"wp","href":"https:\/\/api.w.org\/{rel}","templated":true}]}}