{"id":14716,"date":"2024-11-06T21:06:18","date_gmt":"2024-11-06T21:06:18","guid":{"rendered":"https:\/\/suurmuna.ee\/?page_id=14716"},"modified":"2024-11-28T17:01:36","modified_gmt":"2024-11-28T17:01:36","slug":"fotograaf-tiina-manne","status":"publish","type":"page","link":"https:\/\/suurmuna.ee\/en\/fotograaf-tiina-manne\/","title":{"rendered":"fotograaf TIINA M\u00c4NNE"},"content":{"rendered":"<section class=\"wpb-content-wrapper\"><p>[vc_row css=&#8221;.vc_custom_1731096557883{margin-top: -100px !important;padding-top: 70px !important;padding-right: 50px !important;padding-left: 50px !important;background-color: #ffffff !important;}&#8221;][vc_column width=&#8221;2\/3&#8243;][vc_empty_space][vc_empty_space][vc_custom_heading text=&#8221;V\u00e4ga suure osa meie fotodest on kaameraga kinni p\u00fc\u00fcdnud meie Suure Muna fotograaf Tiina M\u00e4nne, Tinka, nagu me teda isekeskis kutsume. Ja pole \u00fcldse raske ettekujutada kodulehte, mis on kehvade piltidega v\u00f5i suisa piltidest lage &#8211; mis siis \u00fcldse k\u00f5netaks, mis &#8220;toidaks&#8220; tahtmist ja suurt soovi kogeda seda, mis pildi peal nii ahvatlev ja ilus? K\u00f5ige paremas ja korrektsemas olukorras peaks pilt ja s\u00f5na tantsima ideaalset paaritantsu, kus t\u00e4iendatakse teineteist ja seda, mida l\u00e4bi oma v\u00e4ljenduste pakutakse. Meile tundub, et Tinkaga meil just nii ongi &#8211; tema n\u00e4eb meid ja meie n\u00e4eme seda, mida siin maanurgas s\u00fcdamega teeme.<br \/>\nSaage tuttavaks, Tiina M\u00e4nne!&#8221; font_container=&#8221;tag:h6|text_align:left&#8221; use_theme_fonts=&#8221;yes&#8221;][\/vc_column][vc_column width=&#8221;1\/3&#8243;][vc_single_image image=&#8221;14801&#8243; img_size=&#8221;medium&#8221; add_caption=&#8221;yes&#8221; alignment=&#8221;center&#8221; style=&#8221;vc_box_rounded&#8221; onclick=&#8221;custom_link&#8221; img_link_target=&#8221;_blank&#8221; link=&#8221;https:\/\/www.facebook.com\/tinkafoto333&#8243;][\/vc_column][\/vc_row][vc_row css=&#8221;.vc_custom_1731095576817{padding-top: 50px !important;padding-bottom: 10px !important;background-color: #ffffff !important;}&#8221;][vc_column width=&#8221;1\/4&#8243; css=&#8221;.vc_custom_1515612866550{padding-right: 0px !important;padding-left: 0px !important;}&#8221;][vc_single_image image=&#8221;14681&#8243; img_size=&#8221;medium&#8221; alignment=&#8221;center&#8221; style=&#8221;vc_box_rounded&#8221; css=&#8221;.vc_custom_1731318133561{padding-bottom: 20px !important;}&#8221;][vc_single_image image=&#8221;14254&#8243; img_size=&#8221;medium&#8221; alignment=&#8221;center&#8221; style=&#8221;vc_box_rounded&#8221; css=&#8221;.vc_custom_1731318162814{padding-bottom: 20px !important;}&#8221;][vc_single_image image=&#8221;14206&#8243; img_size=&#8221;medium&#8221; alignment=&#8221;center&#8221; style=&#8221;vc_box_rounded&#8221; css=&#8221;.vc_custom_1731318177946{padding-bottom: 20px !important;}&#8221;][\/vc_column][vc_column width=&#8221;3\/4&#8243;][vc_column_text]<\/p>\n<h3 style=\"text-align: center;\"><b>Tinka, kuidas Sa l\u00e4hened n-\u00f6 tellitud pildistamistele?\u00a0 <\/b><b>\u00a0\u00a0\u00a0\u00a0\u00a0<\/b><\/h3>\n<p><span style=\"font-weight: 400;\">M\u00f5tlen alati enne l\u00e4bi, missuguse pildistamisega tegu on ja p\u00fc\u00fcan ennast vastavalt h\u00e4\u00e4lestada, viia ennast n\u00f6 meeleollu. Kohale j\u00f5udes vaatan missugused on valgustingimused ja \u00fcldine meeleolu. Tellitud pildistamise puhul on v\u00e4ga m\u00f5nus kui olen asukohas juba varem viibinud ja tean, mis kohaga tegu on, kuigi teinekord peab ka \u00fcsna spontaanne olema ja ruttu reageerima.<\/span><\/p>\n<h3 style=\"text-align: center;\"><b>Kui tihti Sa avastad, et vaatled midagi kui potentsiaalset pildistamise objekti? Mis Sind sellisel juhul tavaliselt siis k\u00f6itnud on?<\/b><\/h3>\n<p><span style=\"font-weight: 400;\">V\u00e4ga p\u00f5nev teemap\u00fcstitus. Olen kunstihariduse taustaga ja sealt edasi liikunud sujuvalt fotograafia poole &#8211; selles suhtes on selline vaatleja-pilk minuga pikka aega kaasas k\u00e4inud. N\u00f6 vaba pildistamise juures (kui pole tellimust\u00f6\u00f6) siis mulle v\u00e4ga meeldivad teatud valgused, mis alati kutsuvad kaamera haarama. N\u00e4iteks praegune hiliss\u00fcgisene selline eriline valge, kalgiv\u00f5itu valgus v\u00f5i muidugi madal p\u00e4ike &#8211; hommikul v\u00f5i \u00f5htul.<\/span><\/p>\n<h3 style=\"text-align: center;\"><b>\u00a0<\/b><b>Kuidas Sa ise iseloomustaksid enda kui fotograafi k\u00e4ekirja?<\/b><\/h3>\n<p><span style=\"font-weight: 400;\">Minu k\u00e4ekiri &#8211; \u00fcritan j\u00e4\u00e4da loomulikuks ja ausaks, mitte eriti v\u00f5ltsida \ud83d\ude42 Oleneb muidugi v\u00e4ga sellest, kes v\u00f5i mis on pildistatav objekt.<\/span><\/p>\n<p><span style=\"font-weight: 400;\">\u00dcrituste pildistamisel on oluline tabada nii ehedat emotsiooni, koheldes siiski pildistatavat austusega, kui ka \u00f5igeid hetki, mis annaks edasi \u00fcritusel toimuvat. Br\u00e4ndifotode juures \u00fcritan j\u00e4\u00e4da loomulikuks, v\u00e4ltida \u00fcleposeerimist ja tuua s\u00f5num vaatajani.<\/span>[\/vc_column_text][\/vc_column][\/vc_row][vc_row css=&#8221;.vc_custom_1731095535372{padding-top: 0px !important;padding-bottom: 80px !important;background-color: #ffffff !important;}&#8221;][vc_column width=&#8221;2\/3&#8243; css=&#8221;.vc_custom_1731087674146{padding-right: 0px !important;padding-left: 0px !important;background-color: #ffffff !important;}&#8221;][vc_column_text]<\/p>\n<div>\n<div style=\"text-align: center;\">\n<h3><span style=\"color: #000000;\"><b>Mis on see, mille kaameraga tabamine on Sinu jaoks olnud k\u00f5ige keerulisem ja miks?<\/b><\/span><\/h3>\n<div style=\"text-align: left;\">See paneb t\u00e4itsa m\u00f5tlema&#8230;v\u00f5ibolla rasketes valgustingimustes esitlusv\u00e4\u00e4rilise\u00a0pildi saamine on k\u00f5ige suurem p\u00e4hkel olnud.<\/div>\n<div style=\"text-align: left;\">\u00dcldiselt sobib \u00fcks retsept nii pildistamise kui muude tegevuste suhtes &#8211; ei tasu endale negatiivseid eelarvamusi tekitada ja \u00fcle m\u00f5elda,\u00a0\u00f5nneks kogemused ja oskused on need mis h\u00e4dast v\u00e4lja aitavad.<\/div>\n<div style=\"text-align: left;\"><b>\u00a0<\/b><\/div>\n<h3><span style=\"color: #000000;\"><b>T\u00e4nap\u00e4eval, kus me nii palju oma telefonidega pildistame, on Sul m\u00f5ni soovitus v\u00f5i n\u00f5uanne v\u00f5i arvamus selle kohta?<\/b><\/span><\/h3>\n<div style=\"text-align: left;\">Olen seda oma koolitustel ka alati \u00f6elnud , et ega aparaat ei pildista, vaid ikka inimene selle taga. Selles suhtes on telefonifoto\u00a0hetke j\u00e4\u00e4dvustamiseks suurep\u00e4rane vahend- ta on alati olemas, teeb \u00fcsna heal tasemel fotosid ja seda on lihtne kasutada. N\u00e4iteks\u00a0igap\u00e4evasteks tootefotodeks\u00a0ja s\u00fcndmuste j\u00e4\u00e4dvustamiseks\u00a0on ta suurep\u00e4rane vahend, ainuke asi, et inimene peab ise \u00fcsna palju eelt\u00f6\u00f6d tegema, et tulemus ikka presenteeritav oleks.<\/div>\n<div style=\"text-align: left;\"><b>\u00a0<\/b><\/div>\n<h3><span style=\"color: #000000;\"><b>Jaga meiega palun oma k\u00f5ige lemmikumat fotot viimase aja t\u00f6\u00f6dest? V\u00f5i on Sul suisa m\u00f5ni \u00fcleaegade\u00a0lemmik, mida k\u00f5igiga jagada&#8230;? \u00c4kki on selle fotoga ka m\u00f5ni lugu?<\/b><\/span><\/h3>\n<\/div>\n<\/div>\n<div>Minu lemmikutega on nagu n\u00e4itlejatel, kes on \u00f6elnud, et\u00a0nad justkui armuvad oma rolli \u00fcha uuesti&#8230;mul on kuidagi sama lugu.<\/div>\n<div>Iga kord kui ma pildistan, olgu see m\u00f5ni s\u00fcndmus v\u00f5i\u00a0\u00a0privaatsem pildistamine, ma l\u00e4hen niimoodi sinna situatsiooni sisse, teen seda kohe s\u00fcdamega, et k\u00f5ik mida pildistan on nii s\u00fcmpaatne ja ma elan seda kuidagi end sees l\u00e4bi. Selles suhtes on lemmikutest k\u00f5ige meeldivamat raske v\u00e4lja tuua, kuna need kipuvad\u00a0tihti vahetuma.<\/div>\n<div><\/div>\n<h3 style=\"text-align: center;\"><strong>Ait\u00e4h, armas Tiina M\u00e4nne aka Tinka, et oled meiega sel teekonnal kaasas olnud, <\/strong><strong>meid vaadanud ja meid n\u00e4idanud!\u00a0<\/strong><\/h3>\n<p>[\/vc_column_text][\/vc_column][vc_column width=&#8221;1\/3&#8243;][vc_single_image image=&#8221;14212&#8243; img_size=&#8221;medium&#8221; alignment=&#8221;center&#8221; style=&#8221;vc_box_rounded&#8221; css=&#8221;.vc_custom_1731318193964{padding-top: 20px !important;padding-bottom: 20px !important;}&#8221;][vc_single_image image=&#8221;14216&#8243; img_size=&#8221;medium&#8221; alignment=&#8221;center&#8221; style=&#8221;vc_box_rounded&#8221; css=&#8221;.vc_custom_1731318205579{padding-bottom: 20px !important;}&#8221;][vc_single_image image=&#8221;13982&#8243; img_size=&#8221;medium&#8221; alignment=&#8221;center&#8221; style=&#8221;vc_box_rounded&#8221; css=&#8221;.vc_custom_1731318234396{padding-bottom: 20px !important;}&#8221;][vc_single_image image=&#8221;14739&#8243; img_size=&#8221;medium&#8221; alignment=&#8221;center&#8221; style=&#8221;vc_box_rounded&#8221; onclick=&#8221;custom_link&#8221; img_link_target=&#8221;_blank&#8221; link=&#8221;https:\/\/www.facebook.com\/tinkafoto333&#8243;][\/vc_column][\/vc_row]<\/p>\n<\/section>","protected":false},"excerpt":{"rendered":"<p>[vc_row css=&#8221;.vc_custom_1731096557883{margin-top: -100px !important;padding-top: 70px !important;padding-right: 50px !important;padding-left: 50px !important;background-color: #ffffff !important;}&#8221;][vc_column width=&#8221;2\/3&#8243;][vc_empty_space][vc_empty_space][vc_custom_heading text=&#8221;V\u00e4ga suure osa meie fotodest on kaameraga [&hellip;]<\/p>\n","protected":false},"author":5,"featured_media":13830,"parent":0,"menu_order":0,"comment_status":"closed","ping_status":"closed","template":"","meta":{"editor_plus_copied_stylings":"{}","footnotes":""},"yoast_head":"<!-- This site is optimized with the Yoast SEO plugin v24.5 - https:\/\/yoast.com\/wordpress\/plugins\/seo\/ -->\n<title>Tiina M\u00e4nne - meie ilu ja v\u00f5lu pildistaja<\/title>\n<meta name=\"description\" content=\"Tiina M\u00e4nne on olnud see, kes meid pildile p\u00fc\u00fcdnud nii, et me ise ka imestame ja imetleme kogu seda ilu ja v\u00f5lu, mida loome.\" \/>\n<meta name=\"robots\" content=\"index, follow, max-snippet:-1, max-image-preview:large, max-video-preview:-1\" \/>\n<link rel=\"canonical\" href=\"https:\/\/suurmuna.ee\/fotograaf-tiina-manne\/\" \/>\n<meta property=\"og:locale\" content=\"en_US\" \/>\n<meta property=\"og:type\" content=\"article\" \/>\n<meta property=\"og:title\" content=\"Tiina M\u00e4nne - meie ilu ja v\u00f5lu pildistaja\" \/>\n<meta property=\"og:description\" content=\"Tiina M\u00e4nne on olnud see, kes meid pildile p\u00fc\u00fcdnud nii, et me ise ka imestame ja imetleme kogu seda ilu ja v\u00f5lu, mida loome.\" \/>\n<meta property=\"og:url\" content=\"https:\/\/suurmuna.ee\/fotograaf-tiina-manne\/\" \/>\n<meta property=\"og:site_name\" content=\"Suur Muna\" \/>\n<meta property=\"article:publisher\" content=\"https:\/\/www.facebook.com\/HaanjaSuurMuna\/\" \/>\n<meta property=\"article:modified_time\" content=\"2024-11-28T17:01:36+00:00\" \/>\n<meta property=\"og:image\" content=\"https:\/\/suurmuna.ee\/wp-content\/uploads\/2024\/08\/IMG_4003-Edit.jpg\" \/>\n\t<meta property=\"og:image:width\" content=\"1181\" \/>\n\t<meta property=\"og:image:height\" content=\"1181\" \/>\n\t<meta property=\"og:image:type\" content=\"image\/jpeg\" \/>\n<meta name=\"twitter:card\" content=\"summary_large_image\" \/>\n<meta name=\"twitter:site\" content=\"@suurmuna\" \/>\n<meta name=\"twitter:label1\" content=\"Est. reading time\" \/>\n\t<meta name=\"twitter:data1\" content=\"5 minutes\" \/>\n<script type=\"application\/ld+json\" class=\"yoast-schema-graph\">{\"@context\":\"https:\/\/schema.org\",\"@graph\":[{\"@type\":\"WebPage\",\"@id\":\"https:\/\/suurmuna.ee\/fotograaf-tiina-manne\/\",\"url\":\"https:\/\/suurmuna.ee\/fotograaf-tiina-manne\/\",\"name\":\"Tiina M\u00e4nne - meie ilu ja v\u00f5lu pildistaja\",\"isPartOf\":{\"@id\":\"https:\/\/suurmuna.ee\/#website\"},\"primaryImageOfPage\":{\"@id\":\"https:\/\/suurmuna.ee\/fotograaf-tiina-manne\/#primaryimage\"},\"image\":{\"@id\":\"https:\/\/suurmuna.ee\/fotograaf-tiina-manne\/#primaryimage\"},\"thumbnailUrl\":\"https:\/\/suurmuna.ee\/wp-content\/uploads\/2024\/08\/IMG_4003-Edit.jpg\",\"datePublished\":\"2024-11-06T21:06:18+00:00\",\"dateModified\":\"2024-11-28T17:01:36+00:00\",\"description\":\"Tiina M\u00e4nne on olnud see, kes meid pildile p\u00fc\u00fcdnud nii, et me ise ka imestame ja imetleme kogu seda ilu ja v\u00f5lu, mida loome.\",\"breadcrumb\":{\"@id\":\"https:\/\/suurmuna.ee\/fotograaf-tiina-manne\/#breadcrumb\"},\"inLanguage\":\"en-US\",\"potentialAction\":[{\"@type\":\"ReadAction\",\"target\":[\"https:\/\/suurmuna.ee\/fotograaf-tiina-manne\/\"]}]},{\"@type\":\"ImageObject\",\"inLanguage\":\"en-US\",\"@id\":\"https:\/\/suurmuna.ee\/fotograaf-tiina-manne\/#primaryimage\",\"url\":\"https:\/\/suurmuna.ee\/wp-content\/uploads\/2024\/08\/IMG_4003-Edit.jpg\",\"contentUrl\":\"https:\/\/suurmuna.ee\/wp-content\/uploads\/2024\/08\/IMG_4003-Edit.jpg\",\"width\":1181,\"height\":1181,\"caption\":\"RESTOR\u0100NS SUUR MUNA,vieta, kur pa\u0113st, aktiivne puhkus\"},{\"@type\":\"BreadcrumbList\",\"@id\":\"https:\/\/suurmuna.ee\/fotograaf-tiina-manne\/#breadcrumb\",\"itemListElement\":[{\"@type\":\"ListItem\",\"position\":1,\"name\":\"Home\",\"item\":\"https:\/\/suurmuna.ee\/en\/\"},{\"@type\":\"ListItem\",\"position\":2,\"name\":\"fotograaf TIINA M\u00c4NNE\"}]},{\"@type\":\"WebSite\",\"@id\":\"https:\/\/suurmuna.ee\/#website\",\"url\":\"https:\/\/suurmuna.ee\/\",\"name\":\"Suur Muna\",\"description\":\"Suure Muna restoran Haanjas\",\"publisher\":{\"@id\":\"https:\/\/suurmuna.ee\/#organization\"},\"potentialAction\":[{\"@type\":\"SearchAction\",\"target\":{\"@type\":\"EntryPoint\",\"urlTemplate\":\"https:\/\/suurmuna.ee\/?s={search_term_string}\"},\"query-input\":{\"@type\":\"PropertyValueSpecification\",\"valueRequired\":true,\"valueName\":\"search_term_string\"}}],\"inLanguage\":\"en-US\"},{\"@type\":\"Organization\",\"@id\":\"https:\/\/suurmuna.ee\/#organization\",\"name\":\"Restoran Suur Muna\",\"url\":\"https:\/\/suurmuna.ee\/\",\"logo\":{\"@type\":\"ImageObject\",\"inLanguage\":\"en-US\",\"@id\":\"https:\/\/suurmuna.ee\/#\/schema\/logo\/image\/\",\"url\":\"https:\/\/suurmuna.ee\/wp-content\/uploads\/2020\/03\/LOGO_100X100.jpg\",\"contentUrl\":\"https:\/\/suurmuna.ee\/wp-content\/uploads\/2020\/03\/LOGO_100X100.jpg\",\"width\":100,\"height\":100,\"caption\":\"Restoran Suur Muna\"},\"image\":{\"@id\":\"https:\/\/suurmuna.ee\/#\/schema\/logo\/image\/\"},\"sameAs\":[\"https:\/\/www.facebook.com\/HaanjaSuurMuna\/\",\"https:\/\/x.com\/suurmuna\",\"https:\/\/www.instagram.com\/suurmunahaanjas\",\"https:\/\/www.youtube.com\/channel\/UCV6_DtuqXUMLLogb8vdsTCw\"]}]}<\/script>\n<!-- \/ Yoast SEO plugin. -->","yoast_head_json":{"title":"Tiina M\u00e4nne - meie ilu ja v\u00f5lu pildistaja","description":"Tiina M\u00e4nne on olnud see, kes meid pildile p\u00fc\u00fcdnud nii, et me ise ka imestame ja imetleme kogu seda ilu ja v\u00f5lu, mida loome.","robots":{"index":"index","follow":"follow","max-snippet":"max-snippet:-1","max-image-preview":"max-image-preview:large","max-video-preview":"max-video-preview:-1"},"canonical":"https:\/\/suurmuna.ee\/fotograaf-tiina-manne\/","og_locale":"en_US","og_type":"article","og_title":"Tiina M\u00e4nne - meie ilu ja v\u00f5lu pildistaja","og_description":"Tiina M\u00e4nne on olnud see, kes meid pildile p\u00fc\u00fcdnud nii, et me ise ka imestame ja imetleme kogu seda ilu ja v\u00f5lu, mida loome.","og_url":"https:\/\/suurmuna.ee\/fotograaf-tiina-manne\/","og_site_name":"Suur Muna","article_publisher":"https:\/\/www.facebook.com\/HaanjaSuurMuna\/","article_modified_time":"2024-11-28T17:01:36+00:00","og_image":[{"width":1181,"height":1181,"url":"https:\/\/suurmuna.ee\/wp-content\/uploads\/2024\/08\/IMG_4003-Edit.jpg","type":"image\/jpeg"}],"twitter_card":"summary_large_image","twitter_site":"@suurmuna","twitter_misc":{"Est. reading time":"5 minutes"},"schema":{"@context":"https:\/\/schema.org","@graph":[{"@type":"WebPage","@id":"https:\/\/suurmuna.ee\/fotograaf-tiina-manne\/","url":"https:\/\/suurmuna.ee\/fotograaf-tiina-manne\/","name":"Tiina M\u00e4nne - meie ilu ja v\u00f5lu pildistaja","isPartOf":{"@id":"https:\/\/suurmuna.ee\/#website"},"primaryImageOfPage":{"@id":"https:\/\/suurmuna.ee\/fotograaf-tiina-manne\/#primaryimage"},"image":{"@id":"https:\/\/suurmuna.ee\/fotograaf-tiina-manne\/#primaryimage"},"thumbnailUrl":"https:\/\/suurmuna.ee\/wp-content\/uploads\/2024\/08\/IMG_4003-Edit.jpg","datePublished":"2024-11-06T21:06:18+00:00","dateModified":"2024-11-28T17:01:36+00:00","description":"Tiina M\u00e4nne on olnud see, kes meid pildile p\u00fc\u00fcdnud nii, et me ise ka imestame ja imetleme kogu seda ilu ja v\u00f5lu, mida loome.","breadcrumb":{"@id":"https:\/\/suurmuna.ee\/fotograaf-tiina-manne\/#breadcrumb"},"inLanguage":"en-US","potentialAction":[{"@type":"ReadAction","target":["https:\/\/suurmuna.ee\/fotograaf-tiina-manne\/"]}]},{"@type":"ImageObject","inLanguage":"en-US","@id":"https:\/\/suurmuna.ee\/fotograaf-tiina-manne\/#primaryimage","url":"https:\/\/suurmuna.ee\/wp-content\/uploads\/2024\/08\/IMG_4003-Edit.jpg","contentUrl":"https:\/\/suurmuna.ee\/wp-content\/uploads\/2024\/08\/IMG_4003-Edit.jpg","width":1181,"height":1181,"caption":"RESTOR\u0100NS SUUR MUNA,vieta, kur pa\u0113st, aktiivne puhkus"},{"@type":"BreadcrumbList","@id":"https:\/\/suurmuna.ee\/fotograaf-tiina-manne\/#breadcrumb","itemListElement":[{"@type":"ListItem","position":1,"name":"Home","item":"https:\/\/suurmuna.ee\/en\/"},{"@type":"ListItem","position":2,"name":"fotograaf TIINA M\u00c4NNE"}]},{"@type":"WebSite","@id":"https:\/\/suurmuna.ee\/#website","url":"https:\/\/suurmuna.ee\/","name":"Suur Muna","description":"Suure Muna restoran Haanjas","publisher":{"@id":"https:\/\/suurmuna.ee\/#organization"},"potentialAction":[{"@type":"SearchAction","target":{"@type":"EntryPoint","urlTemplate":"https:\/\/suurmuna.ee\/?s={search_term_string}"},"query-input":{"@type":"PropertyValueSpecification","valueRequired":true,"valueName":"search_term_string"}}],"inLanguage":"en-US"},{"@type":"Organization","@id":"https:\/\/suurmuna.ee\/#organization","name":"Restoran Suur Muna","url":"https:\/\/suurmuna.ee\/","logo":{"@type":"ImageObject","inLanguage":"en-US","@id":"https:\/\/suurmuna.ee\/#\/schema\/logo\/image\/","url":"https:\/\/suurmuna.ee\/wp-content\/uploads\/2020\/03\/LOGO_100X100.jpg","contentUrl":"https:\/\/suurmuna.ee\/wp-content\/uploads\/2020\/03\/LOGO_100X100.jpg","width":100,"height":100,"caption":"Restoran Suur Muna"},"image":{"@id":"https:\/\/suurmuna.ee\/#\/schema\/logo\/image\/"},"sameAs":["https:\/\/www.facebook.com\/HaanjaSuurMuna\/","https:\/\/x.com\/suurmuna","https:\/\/www.instagram.com\/suurmunahaanjas","https:\/\/www.youtube.com\/channel\/UCV6_DtuqXUMLLogb8vdsTCw"]}]}},"_links":{"self":[{"href":"https:\/\/suurmuna.ee\/en\/wp-json\/wp\/v2\/pages\/14716"}],"collection":[{"href":"https:\/\/suurmuna.ee\/en\/wp-json\/wp\/v2\/pages"}],"about":[{"href":"https:\/\/suurmuna.ee\/en\/wp-json\/wp\/v2\/types\/page"}],"author":[{"embeddable":true,"href":"https:\/\/suurmuna.ee\/en\/wp-json\/wp\/v2\/users\/5"}],"replies":[{"embeddable":true,"href":"https:\/\/suurmuna.ee\/en\/wp-json\/wp\/v2\/comments?post=14716"}],"version-history":[{"count":56,"href":"https:\/\/suurmuna.ee\/en\/wp-json\/wp\/v2\/pages\/14716\/revisions"}],"predecessor-version":[{"id":14931,"href":"https:\/\/suurmuna.ee\/en\/wp-json\/wp\/v2\/pages\/14716\/revisions\/14931"}],"wp:featuredmedia":[{"embeddable":true,"href":"https:\/\/suurmuna.ee\/en\/wp-json\/wp\/v2\/media\/13830"}],"wp:attachment":[{"href":"https:\/\/suurmuna.ee\/en\/wp-json\/wp\/v2\/media?parent=14716"}],"curies":[{"name":"wp","href":"https:\/\/api.w.org\/{rel}","templated":true}]}}