{"id":11170,"date":"2021-05-24T11:13:24","date_gmt":"2021-05-24T11:13:24","guid":{"rendered":"https:\/\/suurmuna.ee\/?page_id=11170"},"modified":"2026-03-28T18:11:36","modified_gmt":"2026-03-28T18:11:36","slug":"umamekk","status":"publish","type":"page","link":"https:\/\/suurmuna.ee\/en\/menuu\/umamekk\/","title":{"rendered":"UMA MEKK Kevadgurmee 10. &#8211; 19. aprill"},"content":{"rendered":"<section class=\"wpb-content-wrapper\"><p>[vc_row css=&#8221;.vc_custom_1585560425605{margin-top: -100px !important;padding-top: 70px !important;padding-right: 50px !important;padding-left: 50px !important;background-color: #ffffff !important;}&#8221;][vc_column][vc_row_inner][vc_column_inner width=&#8221;1\/3&#8243; css=&#8221;.vc_custom_1519734939213{padding-right: 50px !important;}&#8221; offset=&#8221;vc_col-lg-4 vc_col-md-12&#8243;][vc_custom_heading text=&#8221;KEVADE<br \/>\nKOHALIK<br \/>\nMAITSE&#8221; font_container=&#8221;tag:h2|font_size:36px|text_align:left|line_height:42px&#8221; use_theme_fonts=&#8221;yes&#8221;][\/vc_column_inner][vc_column_inner width=&#8221;2\/3&#8243; offset=&#8221;vc_col-lg-8 vc_col-md-12&#8243;][vc_custom_heading text=&#8221;UMA MEKK kevadgurmee 3-k\u00e4igulises men\u00fc\u00fcs kohtuvad kokkamiskirg, kohalik ja v\u00e4rske tooraine ning soov pakkuda ainult k\u00f5ige paremat.<br \/>\nMeie k\u00fclastamiseks on vaja teha eelbroneering. Varajase broneerimisega aitad meil v\u00e4ltida ka toidu raiskamist.<br \/>\nMen\u00fc\u00fc hind k\u00fclalisele on 35\u20ac.&#8221; font_container=&#8221;tag:h6|text_align:left&#8221; use_theme_fonts=&#8221;yes&#8221;][\/vc_column_inner][\/vc_row_inner][vc_empty_space][\/vc_column][\/vc_row][vc_row][vc_column width=&#8221;1\/3&#8243;]<div class=\"kd-photobox  \" ><div class=\"photobox-img\"><img loading=\"lazy\" decoding=\"async\" width=\"2560\" height=\"1707\" src=\"https:\/\/suurmuna.ee\/wp-content\/uploads\/2026\/03\/SUUR-MUNA_UmaMekk_L-1-scaled.jpg\" class=\"attachment-full\" alt=\"uma mekk kevadgurmee\" title=\"SUUR MUNA_UmaMekk_(L)-1\" srcset=\"https:\/\/suurmuna.ee\/wp-content\/uploads\/2026\/03\/SUUR-MUNA_UmaMekk_L-1-scaled.jpg 2560w, https:\/\/suurmuna.ee\/wp-content\/uploads\/2026\/03\/SUUR-MUNA_UmaMekk_L-1-300x200.jpg 300w, https:\/\/suurmuna.ee\/wp-content\/uploads\/2026\/03\/SUUR-MUNA_UmaMekk_L-1-1024x683.jpg 1024w, https:\/\/suurmuna.ee\/wp-content\/uploads\/2026\/03\/SUUR-MUNA_UmaMekk_L-1-768x512.jpg 768w, https:\/\/suurmuna.ee\/wp-content\/uploads\/2026\/03\/SUUR-MUNA_UmaMekk_L-1-1536x1024.jpg 1536w, https:\/\/suurmuna.ee\/wp-content\/uploads\/2026\/03\/SUUR-MUNA_UmaMekk_L-1-2048x1365.jpg 2048w, https:\/\/suurmuna.ee\/wp-content\/uploads\/2026\/03\/SUUR-MUNA_UmaMekk_L-1-800x533.jpg 800w\" sizes=\"(max-width: 2560px) 100vw, 2560px\" \/><\/div><div class=\"phb-content text-center \" >\n                  <h5 >KERGEM ESIMENE<\/h5>\n                  <p >Sibulapallid rohelise salatiga<\/p><\/div><\/div>[\/vc_column][vc_column width=&#8221;1\/3&#8243;]<div class=\"kd-photobox  \" ><div class=\"photobox-img\"><a href=\"https:\/\/umamekk.ee\/\"  title=\"\"><img loading=\"lazy\" decoding=\"async\" width=\"2560\" height=\"1707\" src=\"https:\/\/suurmuna.ee\/wp-content\/uploads\/2026\/03\/SUUR-MUNA_UmaMekk_L-15-scaled.jpg\" class=\"attachment-full\" alt=\"\" title=\"SUUR MUNA_UmaMekk_(L)-15\" srcset=\"https:\/\/suurmuna.ee\/wp-content\/uploads\/2026\/03\/SUUR-MUNA_UmaMekk_L-15-scaled.jpg 2560w, https:\/\/suurmuna.ee\/wp-content\/uploads\/2026\/03\/SUUR-MUNA_UmaMekk_L-15-300x200.jpg 300w, https:\/\/suurmuna.ee\/wp-content\/uploads\/2026\/03\/SUUR-MUNA_UmaMekk_L-15-1024x683.jpg 1024w, https:\/\/suurmuna.ee\/wp-content\/uploads\/2026\/03\/SUUR-MUNA_UmaMekk_L-15-768x512.jpg 768w, https:\/\/suurmuna.ee\/wp-content\/uploads\/2026\/03\/SUUR-MUNA_UmaMekk_L-15-1536x1024.jpg 1536w, https:\/\/suurmuna.ee\/wp-content\/uploads\/2026\/03\/SUUR-MUNA_UmaMekk_L-15-2048x1365.jpg 2048w, https:\/\/suurmuna.ee\/wp-content\/uploads\/2026\/03\/SUUR-MUNA_UmaMekk_L-15-800x533.jpg 800w\" sizes=\"(max-width: 2560px) 100vw, 2560px\" \/><\/a><\/div><div class=\"phb-content text-center \" >\n                  <h5 >T\u00d5SISEM TEINE<\/h5>\n                  <p >Leoki angers\u00e4ga k\u00f6\u00f6giviljagrat\u00e4\u00e4niga<\/p><\/div><\/div>[\/vc_column][vc_column width=&#8221;1\/3&#8243;]<div class=\"kd-photobox  \" ><div class=\"photobox-img\"><img loading=\"lazy\" decoding=\"async\" width=\"2560\" height=\"1707\" src=\"https:\/\/suurmuna.ee\/wp-content\/uploads\/2026\/03\/SUUR-MUNA_UmaMekk_L-19-scaled.jpg\" class=\"attachment-full\" alt=\"uma mekk kevadgurmee\" title=\"SUUR MUNA_UmaMekk_(L)-19\" srcset=\"https:\/\/suurmuna.ee\/wp-content\/uploads\/2026\/03\/SUUR-MUNA_UmaMekk_L-19-scaled.jpg 2560w, https:\/\/suurmuna.ee\/wp-content\/uploads\/2026\/03\/SUUR-MUNA_UmaMekk_L-19-300x200.jpg 300w, https:\/\/suurmuna.ee\/wp-content\/uploads\/2026\/03\/SUUR-MUNA_UmaMekk_L-19-1024x683.jpg 1024w, https:\/\/suurmuna.ee\/wp-content\/uploads\/2026\/03\/SUUR-MUNA_UmaMekk_L-19-768x512.jpg 768w, https:\/\/suurmuna.ee\/wp-content\/uploads\/2026\/03\/SUUR-MUNA_UmaMekk_L-19-1536x1024.jpg 1536w, https:\/\/suurmuna.ee\/wp-content\/uploads\/2026\/03\/SUUR-MUNA_UmaMekk_L-19-2048x1365.jpg 2048w, https:\/\/suurmuna.ee\/wp-content\/uploads\/2026\/03\/SUUR-MUNA_UmaMekk_L-19-800x533.jpg 800w\" sizes=\"(max-width: 2560px) 100vw, 2560px\" \/><\/div><div class=\"phb-content text-center \" >\n                  <h5 >MAGUS L\u00d5PETUS<\/h5>\n                  <p >Kodujuustu astelpaljuvaht kr\u00f5beda besee ja r\u00f6stitud kaerahelvestega<\/p><\/div><\/div>[\/vc_column][\/vc_row][vc_row][vc_column width=&#8221;1\/3&#8243;][vc_empty_space][\/vc_column][vc_column width=&#8221;1\/3&#8243;][vc_empty_space][\/vc_column][\/vc_row][vc_row][vc_column width=&#8221;1\/2&#8243;][vc_empty_space height=&#8221;50px&#8221;]<header class=\"kd-section-title col-lg-12 text-center  kd-animated fadeIn   vc_custom_1774521894136\" data-animation-delay=200><h2 class=\"separator_off\" >Telli laud ette<\/h2><h6 class=\"subtitle \" >Erimen\u00fc\u00fcd pakume 10. - 19. aprill, E-L kell 11-21 ja P kell 11-18.<br \/>\nOotame Sind!<\/h6><\/header>[vc_empty_space height=&#8221;50px&#8221;]<div class=\"kd-contact-form full-width-cf\" >\n<div class=\"wpcf7 no-js\" id=\"wpcf7-f12117-o1\" lang=\"et\" dir=\"ltr\">\n<div class=\"screen-reader-response\"><p role=\"status\" aria-live=\"polite\" aria-atomic=\"true\"><\/p> <ul><\/ul><\/div>\n<form action=\"\/en\/wp-json\/wp\/v2\/pages\/11170#wpcf7-f12117-o1\" method=\"post\" class=\"wpcf7-form init\" aria-label=\"Contact form\" novalidate=\"novalidate\" data-status=\"init\">\n<div style=\"display: none;\">\n<input type=\"hidden\" name=\"_wpcf7\" value=\"12117\" \/>\n<input type=\"hidden\" name=\"_wpcf7_version\" value=\"5.9.8\" \/>\n<input type=\"hidden\" name=\"_wpcf7_locale\" value=\"et\" \/>\n<input type=\"hidden\" name=\"_wpcf7_unit_tag\" value=\"wpcf7-f12117-o1\" \/>\n<input type=\"hidden\" name=\"_wpcf7_container_post\" value=\"0\" \/>\n<input type=\"hidden\" name=\"_wpcf7_posted_data_hash\" value=\"\" \/>\n<input type=\"hidden\" name=\"_wpcf7_recaptcha_response\" value=\"\" \/>\n<\/div>\n<p><label><br \/>\n<span class=\"wpcf7-form-control-wrap\" data-name=\"your-name\"><input size=\"40\" maxlength=\"400\" class=\"wpcf7-form-control wpcf7-text wpcf7-validates-as-required\" aria-required=\"true\" aria-invalid=\"false\" placeholder=\"Nimi\" value=\"\" type=\"text\" name=\"your-name\" \/><\/span> <\/label>\n<\/p>\n<p><label><br \/>\n<span class=\"wpcf7-form-control-wrap\" data-name=\"your-email\"><input size=\"40\" maxlength=\"400\" class=\"wpcf7-form-control wpcf7-email wpcf7-validates-as-required wpcf7-text wpcf7-validates-as-email\" aria-required=\"true\" aria-invalid=\"false\" placeholder=\"E-posti aadress\" value=\"\" type=\"email\" name=\"your-email\" \/><\/span> <\/label>\n<\/p>\n<p><label><br \/>\n<span class=\"wpcf7-form-control-wrap\" data-name=\"tel-170\"><input size=\"40\" maxlength=\"400\" class=\"wpcf7-form-control wpcf7-tel wpcf7-validates-as-required wpcf7-text wpcf7-validates-as-tel\" aria-required=\"true\" aria-invalid=\"false\" placeholder=\"Telefon xxxxxx xxx\" value=\"\" type=\"tel\" name=\"tel-170\" \/><\/span> <\/label>\n<\/p>\n<p><span class=\"wpcf7-form-control-wrap\" data-name=\"number-957\"><input class=\"wpcf7-form-control wpcf7-number wpcf7-validates-as-required wpcf7-validates-as-number\" min=\"1\" max=\"40\" aria-required=\"true\" aria-invalid=\"false\" placeholder=\"K\u00fclaliste arv\" value=\"\" type=\"number\" name=\"number-957\" \/><\/span>\n<\/p>\n<p><label><br \/>\n<span class=\"wpcf7-form-control-wrap\" data-name=\"text-832\"><input size=\"40\" maxlength=\"400\" class=\"wpcf7-form-control wpcf7-text wpcf7-validates-as-required\" aria-required=\"true\" aria-invalid=\"false\" placeholder=\"Kuup\u00e4ev ja kellaaeg\" value=\"\" type=\"text\" name=\"text-832\" \/><\/span> <\/label>\n<\/p>\n<p><label><br \/>\n<span class=\"wpcf7-form-control-wrap\" data-name=\"your-message\"><textarea cols=\"40\" rows=\"10\" maxlength=\"2000\" class=\"wpcf7-form-control wpcf7-textarea wpcf7-validates-as-required\" aria-required=\"true\" aria-invalid=\"false\" placeholder=\"Kirjuta siia oma soovid\" name=\"your-message\"><\/textarea><\/span> <\/label>\n<\/p>\n<p><input class=\"wpcf7-form-control wpcf7-submit has-spinner\" type=\"submit\" value=\"Reserveerin laua\" \/>\n<\/p><div class=\"wpcf7-response-output\" aria-hidden=\"true\"><\/div>\n<\/form>\n<\/div>\n<\/div>[\/vc_column][vc_column width=&#8221;1\/2&#8243;][vc_empty_space]<div class=\"kd-photobox  \" ><a href=\"https:\/\/umamekk.ee\/\" target=\"_blank\" title=\"\"><div class=\"photobox-img\"><img loading=\"lazy\" decoding=\"async\" width=\"1080\" height=\"1286\" src=\"https:\/\/suurmuna.ee\/wp-content\/uploads\/2026\/03\/1-1080x1286-1.jpg\" class=\"attachment-full\" alt=\"\" title=\"1-1080x1286\" srcset=\"https:\/\/suurmuna.ee\/wp-content\/uploads\/2026\/03\/1-1080x1286-1.jpg 1080w, https:\/\/suurmuna.ee\/wp-content\/uploads\/2026\/03\/1-1080x1286-1-252x300.jpg 252w, https:\/\/suurmuna.ee\/wp-content\/uploads\/2026\/03\/1-1080x1286-1-860x1024.jpg 860w, https:\/\/suurmuna.ee\/wp-content\/uploads\/2026\/03\/1-1080x1286-1-768x914.jpg 768w, https:\/\/suurmuna.ee\/wp-content\/uploads\/2026\/03\/1-1080x1286-1-800x953.jpg 800w\" sizes=\"(max-width: 1080px) 100vw, 1080px\" \/><\/div><div class=\"phb-content text-center \" style=\"background-color: #ffffff;\">\n                  <h5 ><\/h5>\n                  <p ><\/p><\/div><\/a><\/div>[\/vc_column][\/vc_row]<\/p>\n<\/section>","protected":false},"excerpt":{"rendered":"<p>[vc_row css=&#8221;.vc_custom_1585560425605{margin-top: -100px !important;padding-top: 70px !important;padding-right: 50px !important;padding-left: 50px !important;background-color: #ffffff !important;}&#8221;][vc_column][vc_row_inner][vc_column_inner width=&#8221;1\/3&#8243; css=&#8221;.vc_custom_1519734939213{padding-right: 50px !important;}&#8221; offset=&#8221;vc_col-lg-4 vc_col-md-12&#8243;][vc_custom_heading text=&#8221;KEVADE KOHALIK [&hellip;]<\/p>\n","protected":false},"author":2,"featured_media":16741,"parent":8457,"menu_order":0,"comment_status":"closed","ping_status":"closed","template":"","meta":{"editor_plus_copied_stylings":"{}","footnotes":""},"yoast_head":"<!-- This site is optimized with the Yoast SEO plugin v24.5 - https:\/\/yoast.com\/wordpress\/plugins\/seo\/ -->\n<title>Uma Mekk s\u00fcgisgurmee I Suur Muna Haanja V\u00f5rumaa<\/title>\n<meta name=\"description\" content=\"UMA MEKK kevadgurmee - 10.-19.aprill, - armastuse ja t\u00e4helepanuga loodud, et pakkuda sulle unustamatuid maitseelamusi.\" \/>\n<meta name=\"robots\" content=\"index, follow, max-snippet:-1, max-image-preview:large, max-video-preview:-1\" \/>\n<link rel=\"canonical\" href=\"https:\/\/suurmuna.ee\/menuu\/umamekk\/\" \/>\n<meta property=\"og:locale\" content=\"en_US\" \/>\n<meta property=\"og:type\" content=\"article\" \/>\n<meta property=\"og:title\" content=\"Uma Mekk restoranide ja kohvikute n\u00e4dal V\u00f5rumaal\" \/>\n<meta property=\"og:description\" content=\"UMA MEKK kevadgurmee - 10.-19.aprill, - armastuse ja t\u00e4helepanuga loodud, et pakkuda sulle unustamatuid maitseelamusi.\" \/>\n<meta property=\"og:url\" content=\"https:\/\/suurmuna.ee\/menuu\/umamekk\/\" \/>\n<meta property=\"og:site_name\" content=\"Suur Muna\" \/>\n<meta property=\"article:publisher\" content=\"https:\/\/www.facebook.com\/HaanjaSuurMuna\/\" \/>\n<meta property=\"article:modified_time\" content=\"2026-03-28T18:11:36+00:00\" \/>\n<meta property=\"og:image\" content=\"https:\/\/suurmuna.ee\/wp-content\/uploads\/2021\/09\/IMG_5420-1-scaled.jpg\" \/>\n\t<meta property=\"og:image:width\" content=\"2560\" \/>\n\t<meta property=\"og:image:height\" content=\"1707\" \/>\n\t<meta property=\"og:image:type\" content=\"image\/jpeg\" \/>\n<meta name=\"twitter:card\" content=\"summary_large_image\" \/>\n<meta name=\"twitter:site\" content=\"@suurmuna\" \/>\n<meta name=\"twitter:label1\" content=\"Est. reading time\" \/>\n\t<meta name=\"twitter:data1\" content=\"2 minutes\" \/>\n<script type=\"application\/ld+json\" class=\"yoast-schema-graph\">{\"@context\":\"https:\/\/schema.org\",\"@graph\":[{\"@type\":\"WebPage\",\"@id\":\"https:\/\/suurmuna.ee\/menuu\/umamekk\/\",\"url\":\"https:\/\/suurmuna.ee\/menuu\/umamekk\/\",\"name\":\"Uma Mekk s\u00fcgisgurmee I Suur Muna Haanja V\u00f5rumaa\",\"isPartOf\":{\"@id\":\"https:\/\/suurmuna.ee\/#website\"},\"primaryImageOfPage\":{\"@id\":\"https:\/\/suurmuna.ee\/menuu\/umamekk\/#primaryimage\"},\"image\":{\"@id\":\"https:\/\/suurmuna.ee\/menuu\/umamekk\/#primaryimage\"},\"thumbnailUrl\":\"https:\/\/suurmuna.ee\/wp-content\/uploads\/2026\/03\/SUUR-MUNA_UmaMekk_L-28-scaled.jpg\",\"datePublished\":\"2021-05-24T11:13:24+00:00\",\"dateModified\":\"2026-03-28T18:11:36+00:00\",\"description\":\"UMA MEKK kevadgurmee - 10.-19.aprill, - armastuse ja t\u00e4helepanuga loodud, et pakkuda sulle unustamatuid maitseelamusi.\",\"breadcrumb\":{\"@id\":\"https:\/\/suurmuna.ee\/menuu\/umamekk\/#breadcrumb\"},\"inLanguage\":\"en-US\",\"potentialAction\":[{\"@type\":\"ReadAction\",\"target\":[\"https:\/\/suurmuna.ee\/menuu\/umamekk\/\"]}]},{\"@type\":\"ImageObject\",\"inLanguage\":\"en-US\",\"@id\":\"https:\/\/suurmuna.ee\/menuu\/umamekk\/#primaryimage\",\"url\":\"https:\/\/suurmuna.ee\/wp-content\/uploads\/2026\/03\/SUUR-MUNA_UmaMekk_L-28-scaled.jpg\",\"contentUrl\":\"https:\/\/suurmuna.ee\/wp-content\/uploads\/2026\/03\/SUUR-MUNA_UmaMekk_L-28-scaled.jpg\",\"width\":2560,\"height\":1707},{\"@type\":\"BreadcrumbList\",\"@id\":\"https:\/\/suurmuna.ee\/menuu\/umamekk\/#breadcrumb\",\"itemListElement\":[{\"@type\":\"ListItem\",\"position\":1,\"name\":\"Home\",\"item\":\"https:\/\/suurmuna.ee\/en\/\"},{\"@type\":\"ListItem\",\"position\":2,\"name\":\"Meie men\u00fc\u00fc\",\"item\":\"https:\/\/suurmuna.ee\/menuu\/\"},{\"@type\":\"ListItem\",\"position\":3,\"name\":\"UMA MEKK Kevadgurmee 10. &#8211; 19. aprill\"}]},{\"@type\":\"WebSite\",\"@id\":\"https:\/\/suurmuna.ee\/#website\",\"url\":\"https:\/\/suurmuna.ee\/\",\"name\":\"Suur Muna\",\"description\":\"Suure Muna restoran Haanjas\",\"publisher\":{\"@id\":\"https:\/\/suurmuna.ee\/#organization\"},\"potentialAction\":[{\"@type\":\"SearchAction\",\"target\":{\"@type\":\"EntryPoint\",\"urlTemplate\":\"https:\/\/suurmuna.ee\/?s={search_term_string}\"},\"query-input\":{\"@type\":\"PropertyValueSpecification\",\"valueRequired\":true,\"valueName\":\"search_term_string\"}}],\"inLanguage\":\"en-US\"},{\"@type\":\"Organization\",\"@id\":\"https:\/\/suurmuna.ee\/#organization\",\"name\":\"Restoran Suur Muna\",\"url\":\"https:\/\/suurmuna.ee\/\",\"logo\":{\"@type\":\"ImageObject\",\"inLanguage\":\"en-US\",\"@id\":\"https:\/\/suurmuna.ee\/#\/schema\/logo\/image\/\",\"url\":\"https:\/\/suurmuna.ee\/wp-content\/uploads\/2020\/03\/LOGO_100X100.jpg\",\"contentUrl\":\"https:\/\/suurmuna.ee\/wp-content\/uploads\/2020\/03\/LOGO_100X100.jpg\",\"width\":100,\"height\":100,\"caption\":\"Restoran Suur Muna\"},\"image\":{\"@id\":\"https:\/\/suurmuna.ee\/#\/schema\/logo\/image\/\"},\"sameAs\":[\"https:\/\/www.facebook.com\/HaanjaSuurMuna\/\",\"https:\/\/x.com\/suurmuna\",\"https:\/\/www.instagram.com\/suurmunahaanjas\",\"https:\/\/www.youtube.com\/channel\/UCV6_DtuqXUMLLogb8vdsTCw\"]}]}<\/script>\n<!-- \/ Yoast SEO plugin. -->","yoast_head_json":{"title":"Uma Mekk s\u00fcgisgurmee I Suur Muna Haanja V\u00f5rumaa","description":"UMA MEKK kevadgurmee - 10.-19.aprill, - armastuse ja t\u00e4helepanuga loodud, et pakkuda sulle unustamatuid maitseelamusi.","robots":{"index":"index","follow":"follow","max-snippet":"max-snippet:-1","max-image-preview":"max-image-preview:large","max-video-preview":"max-video-preview:-1"},"canonical":"https:\/\/suurmuna.ee\/menuu\/umamekk\/","og_locale":"en_US","og_type":"article","og_title":"Uma Mekk restoranide ja kohvikute n\u00e4dal V\u00f5rumaal","og_description":"UMA MEKK kevadgurmee - 10.-19.aprill, - armastuse ja t\u00e4helepanuga loodud, et pakkuda sulle unustamatuid maitseelamusi.","og_url":"https:\/\/suurmuna.ee\/menuu\/umamekk\/","og_site_name":"Suur Muna","article_publisher":"https:\/\/www.facebook.com\/HaanjaSuurMuna\/","article_modified_time":"2026-03-28T18:11:36+00:00","og_image":[{"width":2560,"height":1707,"url":"https:\/\/suurmuna.ee\/wp-content\/uploads\/2021\/09\/IMG_5420-1-scaled.jpg","type":"image\/jpeg"}],"twitter_card":"summary_large_image","twitter_site":"@suurmuna","twitter_misc":{"Est. reading time":"2 minutes"},"schema":{"@context":"https:\/\/schema.org","@graph":[{"@type":"WebPage","@id":"https:\/\/suurmuna.ee\/menuu\/umamekk\/","url":"https:\/\/suurmuna.ee\/menuu\/umamekk\/","name":"Uma Mekk s\u00fcgisgurmee I Suur Muna Haanja V\u00f5rumaa","isPartOf":{"@id":"https:\/\/suurmuna.ee\/#website"},"primaryImageOfPage":{"@id":"https:\/\/suurmuna.ee\/menuu\/umamekk\/#primaryimage"},"image":{"@id":"https:\/\/suurmuna.ee\/menuu\/umamekk\/#primaryimage"},"thumbnailUrl":"https:\/\/suurmuna.ee\/wp-content\/uploads\/2026\/03\/SUUR-MUNA_UmaMekk_L-28-scaled.jpg","datePublished":"2021-05-24T11:13:24+00:00","dateModified":"2026-03-28T18:11:36+00:00","description":"UMA MEKK kevadgurmee - 10.-19.aprill, - armastuse ja t\u00e4helepanuga loodud, et pakkuda sulle unustamatuid maitseelamusi.","breadcrumb":{"@id":"https:\/\/suurmuna.ee\/menuu\/umamekk\/#breadcrumb"},"inLanguage":"en-US","potentialAction":[{"@type":"ReadAction","target":["https:\/\/suurmuna.ee\/menuu\/umamekk\/"]}]},{"@type":"ImageObject","inLanguage":"en-US","@id":"https:\/\/suurmuna.ee\/menuu\/umamekk\/#primaryimage","url":"https:\/\/suurmuna.ee\/wp-content\/uploads\/2026\/03\/SUUR-MUNA_UmaMekk_L-28-scaled.jpg","contentUrl":"https:\/\/suurmuna.ee\/wp-content\/uploads\/2026\/03\/SUUR-MUNA_UmaMekk_L-28-scaled.jpg","width":2560,"height":1707},{"@type":"BreadcrumbList","@id":"https:\/\/suurmuna.ee\/menuu\/umamekk\/#breadcrumb","itemListElement":[{"@type":"ListItem","position":1,"name":"Home","item":"https:\/\/suurmuna.ee\/en\/"},{"@type":"ListItem","position":2,"name":"Meie men\u00fc\u00fc","item":"https:\/\/suurmuna.ee\/menuu\/"},{"@type":"ListItem","position":3,"name":"UMA MEKK Kevadgurmee 10. &#8211; 19. aprill"}]},{"@type":"WebSite","@id":"https:\/\/suurmuna.ee\/#website","url":"https:\/\/suurmuna.ee\/","name":"Suur Muna","description":"Suure Muna restoran Haanjas","publisher":{"@id":"https:\/\/suurmuna.ee\/#organization"},"potentialAction":[{"@type":"SearchAction","target":{"@type":"EntryPoint","urlTemplate":"https:\/\/suurmuna.ee\/?s={search_term_string}"},"query-input":{"@type":"PropertyValueSpecification","valueRequired":true,"valueName":"search_term_string"}}],"inLanguage":"en-US"},{"@type":"Organization","@id":"https:\/\/suurmuna.ee\/#organization","name":"Restoran Suur Muna","url":"https:\/\/suurmuna.ee\/","logo":{"@type":"ImageObject","inLanguage":"en-US","@id":"https:\/\/suurmuna.ee\/#\/schema\/logo\/image\/","url":"https:\/\/suurmuna.ee\/wp-content\/uploads\/2020\/03\/LOGO_100X100.jpg","contentUrl":"https:\/\/suurmuna.ee\/wp-content\/uploads\/2020\/03\/LOGO_100X100.jpg","width":100,"height":100,"caption":"Restoran Suur Muna"},"image":{"@id":"https:\/\/suurmuna.ee\/#\/schema\/logo\/image\/"},"sameAs":["https:\/\/www.facebook.com\/HaanjaSuurMuna\/","https:\/\/x.com\/suurmuna","https:\/\/www.instagram.com\/suurmunahaanjas","https:\/\/www.youtube.com\/channel\/UCV6_DtuqXUMLLogb8vdsTCw"]}]}},"_links":{"self":[{"href":"https:\/\/suurmuna.ee\/en\/wp-json\/wp\/v2\/pages\/11170"}],"collection":[{"href":"https:\/\/suurmuna.ee\/en\/wp-json\/wp\/v2\/pages"}],"about":[{"href":"https:\/\/suurmuna.ee\/en\/wp-json\/wp\/v2\/types\/page"}],"author":[{"embeddable":true,"href":"https:\/\/suurmuna.ee\/en\/wp-json\/wp\/v2\/users\/2"}],"replies":[{"embeddable":true,"href":"https:\/\/suurmuna.ee\/en\/wp-json\/wp\/v2\/comments?post=11170"}],"version-history":[{"count":151,"href":"https:\/\/suurmuna.ee\/en\/wp-json\/wp\/v2\/pages\/11170\/revisions"}],"predecessor-version":[{"id":16749,"href":"https:\/\/suurmuna.ee\/en\/wp-json\/wp\/v2\/pages\/11170\/revisions\/16749"}],"up":[{"embeddable":true,"href":"https:\/\/suurmuna.ee\/en\/wp-json\/wp\/v2\/pages\/8457"}],"wp:featuredmedia":[{"embeddable":true,"href":"https:\/\/suurmuna.ee\/en\/wp-json\/wp\/v2\/media\/16741"}],"wp:attachment":[{"href":"https:\/\/suurmuna.ee\/en\/wp-json\/wp\/v2\/media?parent=11170"}],"curies":[{"name":"wp","href":"https:\/\/api.w.org\/{rel}","templated":true}]}}