{"id":10638,"date":"2020-11-22T08:13:03","date_gmt":"2020-11-22T08:13:03","guid":{"rendered":"https:\/\/suurmuna.ee\/?page_id=10638"},"modified":"2020-11-22T08:13:03","modified_gmt":"2020-11-22T08:13:03","slug":"haanja-puhke-ja-spordikeskus","status":"publish","type":"page","link":"https:\/\/suurmuna.ee\/en\/haanja-puhke-ja-spordikeskus\/","title":{"rendered":"Haanja Puhke-ja Spordikeskus"},"content":{"rendered":"<section class=\"wpb-content-wrapper\"><p>[vc_row full_width=&#8221;stretch_row&#8221; css=&#8221;.vc_custom_1585560548094{padding-top: 150px !important;padding-bottom: 250px !important;background-image: url(https:\/\/suurmuna.ee\/wp-content\/uploads\/2020\/03\/IMG_0782-2.jpg?id=7643) !important;background-position: center !important;background-repeat: no-repeat !important;background-size: cover !important;}&#8221; el_class=&#8221;under-menu-topbar&#8221;][vc_column]<header class=\"kd-section-title vc_col-lg-6 vc_col-sm-8 text-center     vc_custom_1585561012913\" ><h1 class=\"separator_off\" style=\"color: #ffffff;\">ASUKOHT JA KONTKTID<\/h1><\/header>[\/vc_column][\/vc_row][vc_row css=&#8221;.vc_custom_1585560425605{margin-top: -100px !important;padding-top: 70px !important;padding-right: 50px !important;padding-left: 50px !important;background-color: #ffffff !important;}&#8221;][vc_column][vc_row_inner][vc_column_inner width=&#8221;1\/3&#8243; css=&#8221;.vc_custom_1519734939213{padding-right: 50px !important;}&#8221; offset=&#8221;vc_col-lg-4 vc_col-md-12&#8243;][vc_custom_heading text=&#8221;ASUME<br \/>\nSUURE MUNAM\u00c4E<br \/>\nJALAMIL&#8221; font_container=&#8221;tag:h2|font_size:36px|text_align:left|line_height:42px&#8221; use_theme_fonts=&#8221;yes&#8221;][\/vc_column_inner][vc_column_inner width=&#8221;2\/3&#8243; offset=&#8221;vc_col-lg-8 vc_col-md-12&#8243;][vc_custom_heading text=&#8221;Restoran SUUR MUNA asub nagu nimigi viitab, Eesti \u00fche tuntuima turismit\u00e4hise \u2013 Suure Munam\u00e4e jalamil. V\u00f5ru maakond. Haanja. Baltimaade k\u00f5rgeimas kohas laiutab imetlusv\u00e4\u00e4rne looduspark. Siinsete metsaste k\u00fcngaste vahelt leiab muinasjuttudest laenatud heinamaid p\u00e4ikest v\u00f5tvate haldjatega. Peegelsiledatel tumeda veega metsaj\u00e4rvedel m\u00e4ngivad n\u00e4kid vesiroosidega curlingut. \u00d6\u00f6bik on noorima poolt ja karjub kui arust \u00e4ra. Siinsamas on aja algallikas, mis \u00f5igel \u00e4ratundmisel ja kasutamisel on palju vingem asi kui lihtlabane ajamasin. Tule vaata ja kuula ise.&#8221; font_container=&#8221;tag:h6|text_align:left&#8221; use_theme_fonts=&#8221;yes&#8221;][\/vc_column_inner][\/vc_row_inner][\/vc_column][\/vc_row][vc_row full_width=&#8221;stretch_row&#8221;][vc_column css=&#8221;.vc_custom_1516095665984{padding-right: 0px !important;padding-left: 0px !important;}&#8221;][vc_gmaps link=&#8221;#E-8_JTNDaWZyYW1lJTIwc3JjJTNEJTIyaHR0cHMlM0ElMkYlMkZ3d3cuZ29vZ2xlLmNvbSUyRm1hcHMlMkZlbWJlZCUzRnBiJTNEJTIxMW0xOCUyMTFtMTIlMjExbTMlMjExZDI3Mjc5MS45NzUwNTM3OTM3NSUyMTJkMjYuNzc1MjAzNTQ5MTAzMjE0JTIxM2Q1Ny43MTMyNzYwNDY1NjM4ODQlMjEybTMlMjExZjAlMjEyZjAlMjEzZjAlMjEzbTIlMjExaTEwMjQlMjEyaTc2OCUyMTRmMTMuMSUyMTNtMyUyMTFtMiUyMTFzMHg0NmVhZjZmNmE3MTI1NzA3JTI1M0EweGRjNDZiZWRjYWExNzU2NzUlMjEyc0tvaHZpayUyNTIwU3V1ciUyNTIwTXVuYSUyMTVlMCUyMTNtMiUyMTFzZW4lMjEyc2VlJTIxNHYxNTg1NTQ3OTk4Mzc0JTIxNW0yJTIxMXNlbiUyMTJzZWUlMjIlMjB3aWR0aCUzRCUyMjYwMCUyMiUyMGhlaWdodCUzRCUyMjQ1MCUyMiUyMGZyYW1lYm9yZGVyJTNEJTIyMCUyMiUyMHN0eWxlJTNEJTIyYm9yZGVyJTNBMCUzQiUyMiUyMGFsbG93ZnVsbHNjcmVlbiUzRCUyMiUyMiUyMGFyaWEtaGlkZGVuJTNEJTIyZmFsc2UlMjIlMjB0YWJpbmRleCUzRCUyMjAlMjIlM0UlM0MlMkZpZnJhbWUlM0U=&#8221;][vc_row_inner css=&#8221;.vc_custom_1555666525537{padding-top: 60px !important;padding-bottom: 73px !important;}&#8221;][vc_column_inner width=&#8221;1\/2&#8243; css=&#8221;.vc_custom_1522244799532{padding-right: 15px !important;padding-left: 80px !important;}&#8221; offset=&#8221;vc_col-lg-6 vc_col-md-12&#8243;]<header class=\"kd-section-title col-lg-12 text-left  kd-animated fadeIn   vc_custom_1556020150542\" data-animation-delay=200><h2 class=\"separator_off\" >Contact us<\/h2><h6 class=\"subtitle \" >Give us a call or drop by anytime, we endeavour to answer all enquiries within 24 hours on business days.<\/h6><\/header>[vc_empty_space height=&#8221;20px&#8221;]<div class=\"kd-contact-form full-width-cf\" >\n<div class=\"wpcf7 no-js\" id=\"wpcf7-f5208-o1\" lang=\"en-US\" dir=\"ltr\">\n<div class=\"screen-reader-response\"><p role=\"status\" aria-live=\"polite\" aria-atomic=\"true\"><\/p> <ul><\/ul><\/div>\n<form action=\"\/en\/wp-json\/wp\/v2\/pages\/10638#wpcf7-f5208-o1\" method=\"post\" class=\"wpcf7-form init\" aria-label=\"Contact form\" novalidate=\"novalidate\" data-status=\"init\">\n<div style=\"display: none;\">\n<input type=\"hidden\" name=\"_wpcf7\" value=\"5208\" \/>\n<input type=\"hidden\" name=\"_wpcf7_version\" value=\"5.9.8\" \/>\n<input type=\"hidden\" name=\"_wpcf7_locale\" value=\"en_US\" \/>\n<input type=\"hidden\" name=\"_wpcf7_unit_tag\" value=\"wpcf7-f5208-o1\" \/>\n<input type=\"hidden\" name=\"_wpcf7_container_post\" value=\"0\" \/>\n<input type=\"hidden\" name=\"_wpcf7_posted_data_hash\" value=\"\" \/>\n<input type=\"hidden\" name=\"_wpcf7_recaptcha_response\" value=\"\" \/>\n<\/div>\n<p><span class=\"wpcf7-form-control-wrap\" data-name=\"your-name\"><input size=\"40\" maxlength=\"400\" class=\"wpcf7-form-control wpcf7-text wpcf7-validates-as-required\" aria-required=\"true\" aria-invalid=\"false\" placeholder=\"Sinu nimi\" value=\"\" type=\"text\" name=\"your-name\" \/><\/span><br \/>\n<span class=\"wpcf7-form-control-wrap\" data-name=\"your-email\"><input size=\"40\" maxlength=\"400\" class=\"wpcf7-form-control wpcf7-email wpcf7-validates-as-required wpcf7-text wpcf7-validates-as-email\" aria-required=\"true\" aria-invalid=\"false\" placeholder=\"E-mail\" value=\"\" type=\"email\" name=\"your-email\" \/><\/span><br \/>\n<span class=\"wpcf7-form-control-wrap\" data-name=\"your-message\"><textarea cols=\"40\" rows=\"10\" maxlength=\"2000\" class=\"wpcf7-form-control wpcf7-textarea\" aria-invalid=\"false\" placeholder=\"Sinu s\u00f5num\" name=\"your-message\"><\/textarea><\/span><br \/>\n<input class=\"wpcf7-form-control wpcf7-submit has-spinner\" type=\"submit\" value=\"Saada s\u00f5num\" \/>\n<\/p><div class=\"wpcf7-response-output\" aria-hidden=\"true\"><\/div>\n<\/form>\n<\/div>\n<\/div>[\/vc_column_inner][\/vc_row_inner][\/vc_column][\/vc_row][vc_row full_width=&#8221;stretch_row&#8221; css=&#8221;.vc_custom_1555666594706{padding-top: 100px !important;background-color: #f5f5f5 !important;}&#8221;][vc_column css=&#8221;.vc_custom_1515687105834{padding-right: 0px !important;padding-left: 0px !important;}&#8221;][vc_row_inner css=&#8221;.vc_custom_1555666389233{padding-bottom: 70px !important;}&#8221;][vc_column_inner width=&#8221;1\/4&#8243;]<a href=\"url:%23|||\" target=\"\"><div class=\"cb-container\" style=\"background-color: #fff;\" ><div class=\"cb-img-area\"><i class=\"iconsmind-Speach-BubbleDialog\" style=\" \"><\/i> <\/div><div class=\"cb-text-area\">\n                    <h4 class=\"cb-heading \" >Chat with us<\/h4><p >Dolores sit ipsum velit purus aliquet, massa fringilla leo.<\/p><\/div><\/div><\/a>[\/vc_column_inner][vc_column_inner width=&#8221;1\/4&#8243;]<a href=\"url:%23|||\" target=\"\"><div class=\"cb-container\" style=\"background-color: #fff;\" ><div class=\"cb-img-area\"><i class=\"iconsmind-Phone-Wifi\" style=\" \"><\/i> <\/div><div class=\"cb-text-area\">\n                    <h4 class=\"cb-heading \" >Phone support<\/h4><p >Dolores sit ipsum velit purus aliquet, massa fringilla leo.<\/p><\/div><\/div><\/a>[\/vc_column_inner][vc_column_inner width=&#8221;1\/4&#8243;]<a href=\"url:%23|||\" target=\"\"><div class=\"cb-container\" style=\"background-color: #fff;\" ><div class=\"cb-img-area\"><i class=\"iconsmind-Life-Safer\" style=\" \"><\/i> <\/div><div class=\"cb-text-area\">\n                    <h4 class=\"cb-heading \" >Help topics<\/h4><p >Dolores sit ipsum velit purus aliquet, massa fringilla leo.<\/p><\/div><\/div><\/a>[\/vc_column_inner][vc_column_inner width=&#8221;1\/4&#8243;]<a href=\"url:%23|||\" target=\"\"><div class=\"cb-container\" style=\"background-color: #fff;\" ><div class=\"cb-img-area\"><i class=\"iconsmind-Twitter\" style=\" \"><\/i> <\/div><div class=\"cb-text-area\">\n                    <h4 class=\"cb-heading \" >We're social<\/h4><p >Dolores sit ipsum velit purus aliquet, massa fringilla leo.<\/p><\/div><\/div><\/a>[\/vc_column_inner][\/vc_row_inner][\/vc_column][\/vc_row]<\/p>\n<\/section>","protected":false},"excerpt":{"rendered":"<p>[vc_row full_width=&#8221;stretch_row&#8221; css=&#8221;.vc_custom_1585560548094{padding-top: 150px !important;padding-bottom: 250px !important;background-image: url(https:\/\/suurmuna.ee\/wp-content\/uploads\/2020\/03\/IMG_0782-2.jpg?id=7643) !important;background-position: center !important;background-repeat: no-repeat !important;background-size: cover !important;}&#8221; el_class=&#8221;under-menu-topbar&#8221;][vc_column][\/vc_column][\/vc_row][vc_row css=&#8221;.vc_custom_1585560425605{margin-top: -100px !important;padding-top: 70px [&hellip;]<\/p>\n","protected":false},"author":2,"featured_media":0,"parent":0,"menu_order":0,"comment_status":"closed","ping_status":"closed","template":"","meta":{"editor_plus_copied_stylings":"{}","footnotes":""},"yoast_head":"<!-- This site is optimized with the Yoast SEO plugin v24.5 - https:\/\/yoast.com\/wordpress\/plugins\/seo\/ -->\n<title>Haanja Puhke-ja Spordikeskus - Suur Muna<\/title>\n<meta name=\"robots\" content=\"index, follow, max-snippet:-1, max-image-preview:large, max-video-preview:-1\" \/>\n<link rel=\"canonical\" href=\"https:\/\/suurmuna.ee\/haanja-puhke-ja-spordikeskus\/\" \/>\n<meta property=\"og:locale\" content=\"en_US\" \/>\n<meta property=\"og:type\" content=\"article\" \/>\n<meta property=\"og:title\" content=\"Haanja Puhke-ja Spordikeskus - Suur Muna\" \/>\n<meta property=\"og:description\" content=\"[vc_row full_width=&#8221;stretch_row&#8221; css=&#8221;.vc_custom_1585560548094{padding-top: 150px !important;padding-bottom: 250px !important;background-image: url(https:\/\/suurmuna.ee\/wp-content\/uploads\/2020\/03\/IMG_0782-2.jpg?id=7643) !important;background-position: center !important;background-repeat: no-repeat !important;background-size: cover !important;}&#8221; el_class=&#8221;under-menu-topbar&#8221;][vc_column][\/vc_column][\/vc_row][vc_row css=&#8221;.vc_custom_1585560425605{margin-top: -100px !important;padding-top: 70px [&hellip;]\" \/>\n<meta property=\"og:url\" content=\"https:\/\/suurmuna.ee\/haanja-puhke-ja-spordikeskus\/\" \/>\n<meta property=\"og:site_name\" content=\"Suur Muna\" \/>\n<meta property=\"article:publisher\" content=\"https:\/\/www.facebook.com\/HaanjaSuurMuna\/\" \/>\n<meta property=\"og:image\" content=\"https:\/\/suurmuna.ee\/wp-content\/uploads\/2020\/03\/IMG_9891.jpg\" \/>\n\t<meta property=\"og:image:width\" content=\"1920\" \/>\n\t<meta property=\"og:image:height\" content=\"1080\" \/>\n\t<meta property=\"og:image:type\" content=\"image\/jpeg\" \/>\n<meta name=\"twitter:card\" content=\"summary_large_image\" \/>\n<meta name=\"twitter:site\" content=\"@suurmuna\" \/>\n<meta name=\"twitter:label1\" content=\"Est. reading time\" \/>\n\t<meta name=\"twitter:data1\" content=\"4 minutes\" \/>\n<script type=\"application\/ld+json\" class=\"yoast-schema-graph\">{\"@context\":\"https:\/\/schema.org\",\"@graph\":[{\"@type\":\"WebPage\",\"@id\":\"https:\/\/suurmuna.ee\/haanja-puhke-ja-spordikeskus\/\",\"url\":\"https:\/\/suurmuna.ee\/haanja-puhke-ja-spordikeskus\/\",\"name\":\"Haanja Puhke-ja Spordikeskus - Suur Muna\",\"isPartOf\":{\"@id\":\"https:\/\/suurmuna.ee\/#website\"},\"datePublished\":\"2020-11-22T08:13:03+00:00\",\"breadcrumb\":{\"@id\":\"https:\/\/suurmuna.ee\/haanja-puhke-ja-spordikeskus\/#breadcrumb\"},\"inLanguage\":\"en-US\",\"potentialAction\":[{\"@type\":\"ReadAction\",\"target\":[\"https:\/\/suurmuna.ee\/haanja-puhke-ja-spordikeskus\/\"]}]},{\"@type\":\"BreadcrumbList\",\"@id\":\"https:\/\/suurmuna.ee\/haanja-puhke-ja-spordikeskus\/#breadcrumb\",\"itemListElement\":[{\"@type\":\"ListItem\",\"position\":1,\"name\":\"Home\",\"item\":\"https:\/\/suurmuna.ee\/en\/\"},{\"@type\":\"ListItem\",\"position\":2,\"name\":\"Haanja Puhke-ja Spordikeskus\"}]},{\"@type\":\"WebSite\",\"@id\":\"https:\/\/suurmuna.ee\/#website\",\"url\":\"https:\/\/suurmuna.ee\/\",\"name\":\"Suur Muna\",\"description\":\"Suure Muna restoran Haanjas\",\"publisher\":{\"@id\":\"https:\/\/suurmuna.ee\/#organization\"},\"potentialAction\":[{\"@type\":\"SearchAction\",\"target\":{\"@type\":\"EntryPoint\",\"urlTemplate\":\"https:\/\/suurmuna.ee\/?s={search_term_string}\"},\"query-input\":{\"@type\":\"PropertyValueSpecification\",\"valueRequired\":true,\"valueName\":\"search_term_string\"}}],\"inLanguage\":\"en-US\"},{\"@type\":\"Organization\",\"@id\":\"https:\/\/suurmuna.ee\/#organization\",\"name\":\"Restoran Suur Muna\",\"url\":\"https:\/\/suurmuna.ee\/\",\"logo\":{\"@type\":\"ImageObject\",\"inLanguage\":\"en-US\",\"@id\":\"https:\/\/suurmuna.ee\/#\/schema\/logo\/image\/\",\"url\":\"https:\/\/suurmuna.ee\/wp-content\/uploads\/2020\/03\/LOGO_100X100.jpg\",\"contentUrl\":\"https:\/\/suurmuna.ee\/wp-content\/uploads\/2020\/03\/LOGO_100X100.jpg\",\"width\":100,\"height\":100,\"caption\":\"Restoran Suur Muna\"},\"image\":{\"@id\":\"https:\/\/suurmuna.ee\/#\/schema\/logo\/image\/\"},\"sameAs\":[\"https:\/\/www.facebook.com\/HaanjaSuurMuna\/\",\"https:\/\/x.com\/suurmuna\",\"https:\/\/www.instagram.com\/suurmunahaanjas\",\"https:\/\/www.youtube.com\/channel\/UCV6_DtuqXUMLLogb8vdsTCw\"]}]}<\/script>\n<!-- \/ Yoast SEO plugin. -->","yoast_head_json":{"title":"Haanja Puhke-ja Spordikeskus - Suur Muna","robots":{"index":"index","follow":"follow","max-snippet":"max-snippet:-1","max-image-preview":"max-image-preview:large","max-video-preview":"max-video-preview:-1"},"canonical":"https:\/\/suurmuna.ee\/haanja-puhke-ja-spordikeskus\/","og_locale":"en_US","og_type":"article","og_title":"Haanja Puhke-ja Spordikeskus - Suur Muna","og_description":"[vc_row full_width=&#8221;stretch_row&#8221; css=&#8221;.vc_custom_1585560548094{padding-top: 150px !important;padding-bottom: 250px !important;background-image: url(https:\/\/suurmuna.ee\/wp-content\/uploads\/2020\/03\/IMG_0782-2.jpg?id=7643) !important;background-position: center !important;background-repeat: no-repeat !important;background-size: cover !important;}&#8221; el_class=&#8221;under-menu-topbar&#8221;][vc_column][\/vc_column][\/vc_row][vc_row css=&#8221;.vc_custom_1585560425605{margin-top: -100px !important;padding-top: 70px [&hellip;]","og_url":"https:\/\/suurmuna.ee\/haanja-puhke-ja-spordikeskus\/","og_site_name":"Suur Muna","article_publisher":"https:\/\/www.facebook.com\/HaanjaSuurMuna\/","og_image":[{"width":1920,"height":1080,"url":"https:\/\/suurmuna.ee\/wp-content\/uploads\/2020\/03\/IMG_9891.jpg","type":"image\/jpeg"}],"twitter_card":"summary_large_image","twitter_site":"@suurmuna","twitter_misc":{"Est. reading time":"4 minutes"},"schema":{"@context":"https:\/\/schema.org","@graph":[{"@type":"WebPage","@id":"https:\/\/suurmuna.ee\/haanja-puhke-ja-spordikeskus\/","url":"https:\/\/suurmuna.ee\/haanja-puhke-ja-spordikeskus\/","name":"Haanja Puhke-ja Spordikeskus - Suur Muna","isPartOf":{"@id":"https:\/\/suurmuna.ee\/#website"},"datePublished":"2020-11-22T08:13:03+00:00","breadcrumb":{"@id":"https:\/\/suurmuna.ee\/haanja-puhke-ja-spordikeskus\/#breadcrumb"},"inLanguage":"en-US","potentialAction":[{"@type":"ReadAction","target":["https:\/\/suurmuna.ee\/haanja-puhke-ja-spordikeskus\/"]}]},{"@type":"BreadcrumbList","@id":"https:\/\/suurmuna.ee\/haanja-puhke-ja-spordikeskus\/#breadcrumb","itemListElement":[{"@type":"ListItem","position":1,"name":"Home","item":"https:\/\/suurmuna.ee\/en\/"},{"@type":"ListItem","position":2,"name":"Haanja Puhke-ja Spordikeskus"}]},{"@type":"WebSite","@id":"https:\/\/suurmuna.ee\/#website","url":"https:\/\/suurmuna.ee\/","name":"Suur Muna","description":"Suure Muna restoran Haanjas","publisher":{"@id":"https:\/\/suurmuna.ee\/#organization"},"potentialAction":[{"@type":"SearchAction","target":{"@type":"EntryPoint","urlTemplate":"https:\/\/suurmuna.ee\/?s={search_term_string}"},"query-input":{"@type":"PropertyValueSpecification","valueRequired":true,"valueName":"search_term_string"}}],"inLanguage":"en-US"},{"@type":"Organization","@id":"https:\/\/suurmuna.ee\/#organization","name":"Restoran Suur Muna","url":"https:\/\/suurmuna.ee\/","logo":{"@type":"ImageObject","inLanguage":"en-US","@id":"https:\/\/suurmuna.ee\/#\/schema\/logo\/image\/","url":"https:\/\/suurmuna.ee\/wp-content\/uploads\/2020\/03\/LOGO_100X100.jpg","contentUrl":"https:\/\/suurmuna.ee\/wp-content\/uploads\/2020\/03\/LOGO_100X100.jpg","width":100,"height":100,"caption":"Restoran Suur Muna"},"image":{"@id":"https:\/\/suurmuna.ee\/#\/schema\/logo\/image\/"},"sameAs":["https:\/\/www.facebook.com\/HaanjaSuurMuna\/","https:\/\/x.com\/suurmuna","https:\/\/www.instagram.com\/suurmunahaanjas","https:\/\/www.youtube.com\/channel\/UCV6_DtuqXUMLLogb8vdsTCw"]}]}},"_links":{"self":[{"href":"https:\/\/suurmuna.ee\/en\/wp-json\/wp\/v2\/pages\/10638"}],"collection":[{"href":"https:\/\/suurmuna.ee\/en\/wp-json\/wp\/v2\/pages"}],"about":[{"href":"https:\/\/suurmuna.ee\/en\/wp-json\/wp\/v2\/types\/page"}],"author":[{"embeddable":true,"href":"https:\/\/suurmuna.ee\/en\/wp-json\/wp\/v2\/users\/2"}],"replies":[{"embeddable":true,"href":"https:\/\/suurmuna.ee\/en\/wp-json\/wp\/v2\/comments?post=10638"}],"version-history":[{"count":2,"href":"https:\/\/suurmuna.ee\/en\/wp-json\/wp\/v2\/pages\/10638\/revisions"}],"predecessor-version":[{"id":11131,"href":"https:\/\/suurmuna.ee\/en\/wp-json\/wp\/v2\/pages\/10638\/revisions\/11131"}],"wp:attachment":[{"href":"https:\/\/suurmuna.ee\/en\/wp-json\/wp\/v2\/media?parent=10638"}],"curies":[{"name":"wp","href":"https:\/\/api.w.org\/{rel}","templated":true}]}}