{"id":10243,"date":"2018-10-22T13:48:59","date_gmt":"2018-10-22T13:48:59","guid":{"rendered":"https:\/\/suurmuna.ee\/kontaktid-ja-asukoht\/"},"modified":"2025-09-03T07:30:19","modified_gmt":"2025-09-03T07:30:19","slug":"contacts-and-location","status":"publish","type":"page","link":"https:\/\/suurmuna.ee\/en\/contacts-and-location\/","title":{"rendered":"CONTACTS"},"content":{"rendered":"<section class=\"wpb-content-wrapper\"><p>[vc_row css=&#8221;.vc_custom_1585560425605{margin-top: -100px !important;padding-top: 70px !important;padding-right: 50px !important;padding-left: 50px !important;background-color: #ffffff !important;}&#8221;][vc_column][vc_row_inner][vc_column_inner width=&#8221;1\/3&#8243; css=&#8221;.vc_custom_1519734939213{padding-right: 50px !important;}&#8221; offset=&#8221;vc_col-lg-4 vc_col-md-12&#8243;][vc_custom_heading text=&#8221;Here!<br \/>\nFor You!&#8221; font_container=&#8221;tag:h2|font_size:36px|text_align:left|line_height:42px&#8221; use_theme_fonts=&#8221;yes&#8221;][\/vc_column_inner][vc_column_inner width=&#8221;2\/3&#8243; offset=&#8221;vc_col-lg-8 vc_col-md-12&#8243;][vc_custom_heading text=&#8221;Restaurant Suur Muna (Big Egg) is located at the very foot of Suur Munam\u00e4gi<br \/>\n(Big Egg Hill) in Haanja, 17 km from City of V\u00f5ru, South-East of Estonia. We welcome you to discover the beauty this place holds..&#8221; font_container=&#8221;tag:h6|text_align:left&#8221; use_theme_fonts=&#8221;yes&#8221;][\/vc_column_inner][\/vc_row_inner][vc_row_inner][vc_column_inner][vc_empty_space]<div class=\"mg-gallery mg-container row three-columns\" ><div class=\"mg-sizer\"><\/div><div class=\"mg-single-img small-masonry-img\"><a data-size=\"2520x1417\" href=https:\/\/suurmuna.ee\/wp-content\/uploads\/2024\/09\/IMG_4667-copy.jpg  ><img loading=\"lazy\" decoding=\"async\" width=\"2520\" height=\"1417\" src=\"https:\/\/suurmuna.ee\/wp-content\/uploads\/2024\/09\/IMG_4667-copy.jpg\" class=\"attachment-full\" alt=\"\" title=\"IMG_4667 copy\" srcset=\"https:\/\/suurmuna.ee\/wp-content\/uploads\/2024\/09\/IMG_4667-copy.jpg 2520w, https:\/\/suurmuna.ee\/wp-content\/uploads\/2024\/09\/IMG_4667-copy-300x169.jpg 300w, https:\/\/suurmuna.ee\/wp-content\/uploads\/2024\/09\/IMG_4667-copy-1024x576.jpg 1024w, https:\/\/suurmuna.ee\/wp-content\/uploads\/2024\/09\/IMG_4667-copy-768x432.jpg 768w, https:\/\/suurmuna.ee\/wp-content\/uploads\/2024\/09\/IMG_4667-copy-1536x864.jpg 1536w, https:\/\/suurmuna.ee\/wp-content\/uploads\/2024\/09\/IMG_4667-copy-2048x1152.jpg 2048w, https:\/\/suurmuna.ee\/wp-content\/uploads\/2024\/09\/IMG_4667-copy-800x450.jpg 800w\" sizes=\"(max-width: 2520px) 100vw, 2520px\" \/><\/a><\/div><div class=\"mg-single-img small-masonry-img\"><a data-size=\"2519x1417\" href=https:\/\/suurmuna.ee\/wp-content\/uploads\/2024\/09\/HEA.jpg  ><img loading=\"lazy\" decoding=\"async\" width=\"2519\" height=\"1417\" src=\"https:\/\/suurmuna.ee\/wp-content\/uploads\/2024\/09\/HEA.jpg\" class=\"attachment-full\" alt=\"\" title=\"HEA\" srcset=\"https:\/\/suurmuna.ee\/wp-content\/uploads\/2024\/09\/HEA.jpg 2519w, https:\/\/suurmuna.ee\/wp-content\/uploads\/2024\/09\/HEA-300x169.jpg 300w, https:\/\/suurmuna.ee\/wp-content\/uploads\/2024\/09\/HEA-1024x576.jpg 1024w, https:\/\/suurmuna.ee\/wp-content\/uploads\/2024\/09\/HEA-768x432.jpg 768w, https:\/\/suurmuna.ee\/wp-content\/uploads\/2024\/09\/HEA-1536x864.jpg 1536w, https:\/\/suurmuna.ee\/wp-content\/uploads\/2024\/09\/HEA-2048x1152.jpg 2048w, https:\/\/suurmuna.ee\/wp-content\/uploads\/2024\/09\/HEA-800x450.jpg 800w\" sizes=\"(max-width: 2519px) 100vw, 2519px\" \/><\/a><\/div><div class=\"mg-single-img small-masonry-img\"><a data-size=\"2520x1417\" href=https:\/\/suurmuna.ee\/wp-content\/uploads\/2024\/09\/IMG_4626-copy.jpg  ><img loading=\"lazy\" decoding=\"async\" width=\"2520\" height=\"1417\" src=\"https:\/\/suurmuna.ee\/wp-content\/uploads\/2024\/09\/IMG_4626-copy.jpg\" class=\"attachment-full\" alt=\"\" title=\"IMG_4626 copy\" srcset=\"https:\/\/suurmuna.ee\/wp-content\/uploads\/2024\/09\/IMG_4626-copy.jpg 2520w, https:\/\/suurmuna.ee\/wp-content\/uploads\/2024\/09\/IMG_4626-copy-300x169.jpg 300w, https:\/\/suurmuna.ee\/wp-content\/uploads\/2024\/09\/IMG_4626-copy-1024x576.jpg 1024w, https:\/\/suurmuna.ee\/wp-content\/uploads\/2024\/09\/IMG_4626-copy-768x432.jpg 768w, https:\/\/suurmuna.ee\/wp-content\/uploads\/2024\/09\/IMG_4626-copy-1536x864.jpg 1536w, https:\/\/suurmuna.ee\/wp-content\/uploads\/2024\/09\/IMG_4626-copy-2048x1152.jpg 2048w, https:\/\/suurmuna.ee\/wp-content\/uploads\/2024\/09\/IMG_4626-copy-800x450.jpg 800w\" sizes=\"(max-width: 2520px) 100vw, 2520px\" \/><\/a><\/div><\/div>[\/vc_column_inner][\/vc_row_inner][\/vc_column][\/vc_row][vc_row full_width=&#8221;stretch_row&#8221;][vc_column][vc_empty_space height=&#8221;45px&#8221;]<header class=\"kd-section-title col-lg-12 text-center solid-line sep-border-width-1    \" ><h2 class=\"separator_on\" >WE ARE HERE FOR YOU!<\/h2><div class=\"kd-separator below_title\" ><div class=\"kd-separator-line\" ><\/div><\/div><\/header>[vc_column_text]<\/p>\n<p style=\"text-align: center;\">Mon-Sat 11.00-21.00<br \/>\nSun 11.00 &#8211; 18.00<\/p>\n<p style=\"text-align: center;\"><a href=\"mailto:muna@suurmuna.ee\">muna@suurmuna.ee <\/a><br \/>\n<a href=\"tel:58664668\">58664668<\/a><\/p>\n<p style=\"text-align: center;\">HAANJA &#8211; V\u00d5RU COUNTY &#8211; ESTONIA<\/p>\n<p>[\/vc_column_text][vc_row_inner][vc_column_inner width=&#8221;1\/2&#8243;][vc_empty_space][vc_gmaps link=&#8221;#E-8_JTNDaWZyYW1lJTIwc3JjJTNEJTIyaHR0cHMlM0ElMkYlMkZ3d3cuZ29vZ2xlLmNvbSUyRm1hcHMlMkZlbWJlZCUzRnBiJTNEJTIxMW0xOCUyMTFtMTIlMjExbTMlMjExZDI3Mjc5MS45NzUwNTM3OTM3NSUyMTJkMjYuNzc1MjAzNTQ5MTAzMjE0JTIxM2Q1Ny43MTMyNzYwNDY1NjM4ODQlMjEybTMlMjExZjAlMjEyZjAlMjEzZjAlMjEzbTIlMjExaTEwMjQlMjEyaTc2OCUyMTRmMTMuMSUyMTNtMyUyMTFtMiUyMTFzMHg0NmVhZjZmNmE3MTI1NzA3JTI1M0EweGRjNDZiZWRjYWExNzU2NzUlMjEyc0tvaHZpayUyNTIwU3V1ciUyNTIwTXVuYSUyMTVlMCUyMTNtMiUyMTFzZW4lMjEyc2VlJTIxNHYxNTg1NTQ3OTk4Mzc0JTIxNW0yJTIxMXNlbiUyMTJzZWUlMjIlMjB3aWR0aCUzRCUyMjYwMCUyMiUyMGhlaWdodCUzRCUyMjQ1MCUyMiUyMGZyYW1lYm9yZGVyJTNEJTIyMCUyMiUyMHN0eWxlJTNEJTIyYm9yZGVyJTNBMCUzQiUyMiUyMGFsbG93ZnVsbHNjcmVlbiUzRCUyMiUyMiUyMGFyaWEtaGlkZGVuJTNEJTIyZmFsc2UlMjIlMjB0YWJpbmRleCUzRCUyMjAlMjIlM0UlM0MlMkZpZnJhbWUlM0U=&#8221;][\/vc_column_inner][vc_column_inner width=&#8221;1\/2&#8243;]<header class=\"kd-section-title col-lg-12 text-center solid-line sep-border-width-1    \" ><h2 class=\"separator_on\" >BOOK A TABLE IN ADVANCE<\/h2><div class=\"kd-separator below_title\" ><div class=\"kd-separator-line\" ><\/div><\/div><h6 class=\"subtitle \" >If you plan to arrive with a larger group of people, we kindly request that you make a table reservation at least 1 day in advance. Thank you!<\/h6><\/header><div class=\"kd-contact-form full-width-cf\" >\n<div class=\"wpcf7 no-js\" id=\"wpcf7-f10179-o1\" lang=\"et\" dir=\"ltr\">\n<div class=\"screen-reader-response\"><p role=\"status\" aria-live=\"polite\" aria-atomic=\"true\"><\/p> <ul><\/ul><\/div>\n<form action=\"\/en\/wp-json\/wp\/v2\/pages\/10243#wpcf7-f10179-o1\" method=\"post\" class=\"wpcf7-form init\" aria-label=\"Contact form\" novalidate=\"novalidate\" data-status=\"init\">\n<div style=\"display: none;\">\n<input type=\"hidden\" name=\"_wpcf7\" value=\"10179\" \/>\n<input type=\"hidden\" name=\"_wpcf7_version\" value=\"5.9.8\" \/>\n<input type=\"hidden\" name=\"_wpcf7_locale\" value=\"et\" \/>\n<input type=\"hidden\" name=\"_wpcf7_unit_tag\" value=\"wpcf7-f10179-o1\" \/>\n<input type=\"hidden\" name=\"_wpcf7_container_post\" value=\"0\" \/>\n<input type=\"hidden\" name=\"_wpcf7_posted_data_hash\" value=\"\" \/>\n<input type=\"hidden\" name=\"_wpcf7_recaptcha_response\" value=\"\" \/>\n<\/div>\n<p><label><br \/>\n<span class=\"wpcf7-form-control-wrap\" data-name=\"your-name\"><input size=\"40\" maxlength=\"400\" class=\"wpcf7-form-control wpcf7-text wpcf7-validates-as-required\" aria-required=\"true\" aria-invalid=\"false\" placeholder=\"Name\" value=\"\" type=\"text\" name=\"your-name\" \/><\/span> <\/label>\n<\/p>\n<p><label><br \/>\n<span class=\"wpcf7-form-control-wrap\" data-name=\"your-email\"><input size=\"40\" maxlength=\"400\" class=\"wpcf7-form-control wpcf7-email wpcf7-validates-as-required wpcf7-text wpcf7-validates-as-email\" aria-required=\"true\" aria-invalid=\"false\" placeholder=\"E-mail\" value=\"\" type=\"email\" name=\"your-email\" \/><\/span> <\/label>\n<\/p>\n<p><label><br \/>\n<span class=\"wpcf7-form-control-wrap\" data-name=\"tel-170\"><input size=\"40\" maxlength=\"400\" class=\"wpcf7-form-control wpcf7-tel wpcf7-validates-as-required wpcf7-text wpcf7-validates-as-tel\" aria-required=\"true\" aria-invalid=\"false\" placeholder=\"Phone xxxxxx xxx\" value=\"\" type=\"tel\" name=\"tel-170\" \/><\/span> <\/label>\n<\/p>\n<p><span class=\"wpcf7-form-control-wrap\" data-name=\"number-957\"><input class=\"wpcf7-form-control wpcf7-number wpcf7-validates-as-required wpcf7-validates-as-number\" min=\"1\" max=\"40\" aria-required=\"true\" aria-invalid=\"false\" placeholder=\"Number of guests\" value=\"\" type=\"number\" name=\"number-957\" \/><\/span>\n<\/p>\n<p><label><br \/>\n<span class=\"wpcf7-form-control-wrap\" data-name=\"text-832\"><input size=\"40\" maxlength=\"400\" class=\"wpcf7-form-control wpcf7-text wpcf7-validates-as-required\" aria-required=\"true\" aria-invalid=\"false\" placeholder=\"Date and time\" value=\"\" type=\"text\" name=\"text-832\" \/><\/span> <\/label>\n<\/p>\n<p><label><br \/>\n<span class=\"wpcf7-form-control-wrap\" data-name=\"your-message\"><textarea cols=\"40\" rows=\"10\" maxlength=\"2000\" class=\"wpcf7-form-control wpcf7-textarea wpcf7-validates-as-required\" aria-required=\"true\" aria-invalid=\"false\" placeholder=\"Your message\" name=\"your-message\"><\/textarea><\/span> <\/label>\n<\/p>\n<p><input class=\"wpcf7-form-control wpcf7-submit has-spinner\" type=\"submit\" value=\"Submit\" \/>\n<\/p><div class=\"wpcf7-response-output\" aria-hidden=\"true\"><\/div>\n<\/form>\n<\/div>\n<\/div>[\/vc_column_inner][\/vc_row_inner][\/vc_column][\/vc_row][vc_column width=&#8221;1\/2&#8243; css=&#8221;.vc_custom_1516095665984{padding-right: 0px !important;padding-left: 0px !important;}&#8221;][\/vc_column][vc_column width=&#8221;1\/2&#8243;][\/vc_column][vc_row][vc_column width=&#8221;1\/2&#8243;]<header class=\"kd-section-title col-lg-12 text-center    \" ><h2 class=\"separator_off\" >Suur Munam\u00e4gi and Haanja Nature Park<\/h2><\/header>[vc_column_text]Restaurant SUUR MUNA (Big Egg) is located in Haanja Nature Park, in the heart of V\u00f5ru County. The Haanja Uplands, the highest area in Estonia (about 18% of the area lies higher than 250 m from sea level. The nature park (its area is about 17,000 ha) was established to secure the preservation, re-establishment and development of the landscapes and nature communities typical to the Haanja Uplands and also the historically established way of life, i.e. farmhouses spread far apart, small plots of land, pastures and grasslands and handicraft traditions due to poor arable land. Within the nature park there are the highest point of the Baltic States \u2013 Suur Munam\u00e4gi (318 m) and the deepest lake in Estonia \u2013 R\u00f5uge Suurj\u00e4rv (38 m).[\/vc_column_text]<a  href=\"https:\/\/et.wikipedia.org\/wiki\/Suur_Munam%C3%A4gi\"  target=\"_blank\"  title=\"Suur Munam\u00e4gi\" class=\"tt_button tt_primary_button btn_primary_color  button-center button-action-link\" ><span class=\"prim_text\">READ MORE<\/span><\/a>[vc_empty_space][\/vc_column][vc_column width=&#8221;1\/2&#8243;][vc_single_image image=&#8221;9493&#8243; img_size=&#8221;large&#8221; onclick=&#8221;custom_link&#8221; link=&#8221;https:\/\/et.wikipedia.org\/wiki\/Suur_Munam%C3%A4gi&#8221;][vc_empty_space][\/vc_column][\/vc_row][vc_row][vc_column width=&#8221;1\/2&#8243;][vc_empty_space][vc_single_image image=&#8221;10251&#8243; img_size=&#8221;large&#8221; onclick=&#8221;custom_link&#8221; link=&#8221;https:\/\/et.wikipedia.org\/wiki\/Suur_Munam%C3%A4gi&#8221;][vc_empty_space][\/vc_column][vc_column width=&#8221;1\/2&#8243;]<header class=\"kd-section-title col-lg-12 text-center    \" ><h2 class=\"separator_off\" >Discover V\u00f5ru County<\/h2><\/header>[vc_column_text]Amazingly diverse and untouched, primeval nature. Hiking trails, where one is likelier to stumble upon a fox that has gone for an afternoon walk than another human. Numerous tourist farms, swimming, boat trips, hikes, horse riding, fairs, saunas, ski trails, V\u00f5ru language \u2013 these are the keywords characterising V\u00f5ru County. There is plenty to discover for the grown as well as for the tiniest visitors in family parks, museums, and animal parks. The southernmost county of Estonia, V\u00f5ru County, will surprise you with its natural records. One of the hilliest regions of the country, Haanja Uplands, can be found here. The highest peak in Estonia \u2013 Suur Munam\u00e4gi (318 m above sea level) \u2013 is in V\u00f5ru County. The viewing platform on the mountain offers an excellent view of the diverse nature of Southern Estonia.[\/vc_column_text]<a  href=\"https:\/\/www.visitvoru.ee\/discover-voru\"  target=\"_self\"  title=\"MIda teha V\u00f5rumaal\" class=\"tt_button tt_primary_button btn_primary_color  button-center button-action-link\" ><span class=\"prim_text\">READ MORE<\/span><\/a>[vc_empty_space][\/vc_column][\/vc_row][vc_row][vc_column][\/vc_column][\/vc_row]<\/p>\n<\/section>","protected":false},"excerpt":{"rendered":"<p>[vc_row css=&#8221;.vc_custom_1585560425605{margin-top: -100px !important;padding-top: 70px !important;padding-right: 50px !important;padding-left: 50px !important;background-color: #ffffff !important;}&#8221;][vc_column][vc_row_inner][vc_column_inner width=&#8221;1\/3&#8243; css=&#8221;.vc_custom_1519734939213{padding-right: 50px !important;}&#8221; offset=&#8221;vc_col-lg-4 vc_col-md-12&#8243;][vc_custom_heading text=&#8221;Here! For [&hellip;]<\/p>\n","protected":false},"author":1,"featured_media":14228,"parent":0,"menu_order":0,"comment_status":"closed","ping_status":"closed","template":"","meta":{"editor_plus_copied_stylings":"{}","footnotes":""},"yoast_head":"<!-- This site is optimized with the Yoast SEO plugin v24.5 - https:\/\/yoast.com\/wordpress\/plugins\/seo\/ -->\n<title>Cafe-restaurant Suur Muna at the very foot of Suur Munam\u00e4gi<\/title>\n<meta name=\"description\" content=\"Local food offering cafe-restaurant Suur Muna in Haanja, 15km from V\u00f5ru, 10 minutes from R\u00f5uge. Phone 58664668\" \/>\n<meta name=\"robots\" content=\"index, follow, max-snippet:-1, max-image-preview:large, max-video-preview:-1\" \/>\n<link rel=\"canonical\" href=\"https:\/\/suurmuna.ee\/en\/contacts-and-location\/\" \/>\n<meta property=\"og:locale\" content=\"en_US\" \/>\n<meta property=\"og:type\" content=\"article\" \/>\n<meta property=\"og:title\" content=\"Cafe-restaurant Suur Muna at the very foot of Suur Munam\u00e4gi\" \/>\n<meta property=\"og:description\" content=\"Local food offering cafe-restaurant Suur Muna in Haanja, 15km from V\u00f5ru, 10 minutes from R\u00f5uge. Phone 58664668\" \/>\n<meta property=\"og:url\" content=\"https:\/\/suurmuna.ee\/en\/contacts-and-location\/\" \/>\n<meta property=\"og:site_name\" content=\"Suur Muna\" \/>\n<meta property=\"article:publisher\" content=\"https:\/\/www.facebook.com\/HaanjaSuurMuna\/\" \/>\n<meta property=\"article:modified_time\" content=\"2025-09-03T07:30:19+00:00\" \/>\n<meta property=\"og:image\" content=\"https:\/\/suurmuna.ee\/wp-content\/uploads\/2024\/09\/U14A8871-copy.jpg\" \/>\n\t<meta property=\"og:image:width\" content=\"1181\" \/>\n\t<meta property=\"og:image:height\" content=\"1181\" \/>\n\t<meta property=\"og:image:type\" content=\"image\/jpeg\" \/>\n<meta name=\"twitter:card\" content=\"summary_large_image\" \/>\n<meta name=\"twitter:site\" content=\"@suurmuna\" \/>\n<meta name=\"twitter:label1\" content=\"Est. reading time\" \/>\n\t<meta name=\"twitter:data1\" content=\"3 minutes\" \/>\n<script type=\"application\/ld+json\" class=\"yoast-schema-graph\">{\"@context\":\"https:\/\/schema.org\",\"@graph\":[{\"@type\":\"WebPage\",\"@id\":\"https:\/\/suurmuna.ee\/en\/contacts-and-location\/\",\"url\":\"https:\/\/suurmuna.ee\/en\/contacts-and-location\/\",\"name\":\"Cafe-restaurant Suur Muna at the very foot of Suur Munam\u00e4gi\",\"isPartOf\":{\"@id\":\"https:\/\/suurmuna.ee\/#website\"},\"primaryImageOfPage\":{\"@id\":\"https:\/\/suurmuna.ee\/en\/contacts-and-location\/#primaryimage\"},\"image\":{\"@id\":\"https:\/\/suurmuna.ee\/en\/contacts-and-location\/#primaryimage\"},\"thumbnailUrl\":\"https:\/\/suurmuna.ee\/wp-content\/uploads\/2024\/09\/U14A8871-copy.jpg\",\"datePublished\":\"2018-10-22T13:48:59+00:00\",\"dateModified\":\"2025-09-03T07:30:19+00:00\",\"description\":\"Local food offering cafe-restaurant Suur Muna in Haanja, 15km from V\u00f5ru, 10 minutes from R\u00f5uge. Phone 58664668\",\"breadcrumb\":{\"@id\":\"https:\/\/suurmuna.ee\/en\/contacts-and-location\/#breadcrumb\"},\"inLanguage\":\"en-US\",\"potentialAction\":[{\"@type\":\"ReadAction\",\"target\":[\"https:\/\/suurmuna.ee\/en\/contacts-and-location\/\"]}]},{\"@type\":\"ImageObject\",\"inLanguage\":\"en-US\",\"@id\":\"https:\/\/suurmuna.ee\/en\/contacts-and-location\/#primaryimage\",\"url\":\"https:\/\/suurmuna.ee\/wp-content\/uploads\/2024\/09\/U14A8871-copy.jpg\",\"contentUrl\":\"https:\/\/suurmuna.ee\/wp-content\/uploads\/2024\/09\/U14A8871-copy.jpg\",\"width\":1181,\"height\":1181},{\"@type\":\"BreadcrumbList\",\"@id\":\"https:\/\/suurmuna.ee\/en\/contacts-and-location\/#breadcrumb\",\"itemListElement\":[{\"@type\":\"ListItem\",\"position\":1,\"name\":\"Home\",\"item\":\"https:\/\/suurmuna.ee\/en\/\"},{\"@type\":\"ListItem\",\"position\":2,\"name\":\"CONTACTS\"}]},{\"@type\":\"WebSite\",\"@id\":\"https:\/\/suurmuna.ee\/#website\",\"url\":\"https:\/\/suurmuna.ee\/\",\"name\":\"Suur Muna\",\"description\":\"Suure Muna restoran Haanjas\",\"publisher\":{\"@id\":\"https:\/\/suurmuna.ee\/#organization\"},\"potentialAction\":[{\"@type\":\"SearchAction\",\"target\":{\"@type\":\"EntryPoint\",\"urlTemplate\":\"https:\/\/suurmuna.ee\/?s={search_term_string}\"},\"query-input\":{\"@type\":\"PropertyValueSpecification\",\"valueRequired\":true,\"valueName\":\"search_term_string\"}}],\"inLanguage\":\"en-US\"},{\"@type\":\"Organization\",\"@id\":\"https:\/\/suurmuna.ee\/#organization\",\"name\":\"Restoran Suur Muna\",\"url\":\"https:\/\/suurmuna.ee\/\",\"logo\":{\"@type\":\"ImageObject\",\"inLanguage\":\"en-US\",\"@id\":\"https:\/\/suurmuna.ee\/#\/schema\/logo\/image\/\",\"url\":\"https:\/\/suurmuna.ee\/wp-content\/uploads\/2020\/03\/LOGO_100X100.jpg\",\"contentUrl\":\"https:\/\/suurmuna.ee\/wp-content\/uploads\/2020\/03\/LOGO_100X100.jpg\",\"width\":100,\"height\":100,\"caption\":\"Restoran Suur Muna\"},\"image\":{\"@id\":\"https:\/\/suurmuna.ee\/#\/schema\/logo\/image\/\"},\"sameAs\":[\"https:\/\/www.facebook.com\/HaanjaSuurMuna\/\",\"https:\/\/x.com\/suurmuna\",\"https:\/\/www.instagram.com\/suurmunahaanjas\",\"https:\/\/www.youtube.com\/channel\/UCV6_DtuqXUMLLogb8vdsTCw\"]}]}<\/script>\n<!-- \/ Yoast SEO plugin. -->","yoast_head_json":{"title":"Cafe-restaurant Suur Muna at the very foot of Suur Munam\u00e4gi","description":"Local food offering cafe-restaurant Suur Muna in Haanja, 15km from V\u00f5ru, 10 minutes from R\u00f5uge. Phone 58664668","robots":{"index":"index","follow":"follow","max-snippet":"max-snippet:-1","max-image-preview":"max-image-preview:large","max-video-preview":"max-video-preview:-1"},"canonical":"https:\/\/suurmuna.ee\/en\/contacts-and-location\/","og_locale":"en_US","og_type":"article","og_title":"Cafe-restaurant Suur Muna at the very foot of Suur Munam\u00e4gi","og_description":"Local food offering cafe-restaurant Suur Muna in Haanja, 15km from V\u00f5ru, 10 minutes from R\u00f5uge. Phone 58664668","og_url":"https:\/\/suurmuna.ee\/en\/contacts-and-location\/","og_site_name":"Suur Muna","article_publisher":"https:\/\/www.facebook.com\/HaanjaSuurMuna\/","article_modified_time":"2025-09-03T07:30:19+00:00","og_image":[{"width":1181,"height":1181,"url":"https:\/\/suurmuna.ee\/wp-content\/uploads\/2024\/09\/U14A8871-copy.jpg","type":"image\/jpeg"}],"twitter_card":"summary_large_image","twitter_site":"@suurmuna","twitter_misc":{"Est. reading time":"3 minutes"},"schema":{"@context":"https:\/\/schema.org","@graph":[{"@type":"WebPage","@id":"https:\/\/suurmuna.ee\/en\/contacts-and-location\/","url":"https:\/\/suurmuna.ee\/en\/contacts-and-location\/","name":"Cafe-restaurant Suur Muna at the very foot of Suur Munam\u00e4gi","isPartOf":{"@id":"https:\/\/suurmuna.ee\/#website"},"primaryImageOfPage":{"@id":"https:\/\/suurmuna.ee\/en\/contacts-and-location\/#primaryimage"},"image":{"@id":"https:\/\/suurmuna.ee\/en\/contacts-and-location\/#primaryimage"},"thumbnailUrl":"https:\/\/suurmuna.ee\/wp-content\/uploads\/2024\/09\/U14A8871-copy.jpg","datePublished":"2018-10-22T13:48:59+00:00","dateModified":"2025-09-03T07:30:19+00:00","description":"Local food offering cafe-restaurant Suur Muna in Haanja, 15km from V\u00f5ru, 10 minutes from R\u00f5uge. Phone 58664668","breadcrumb":{"@id":"https:\/\/suurmuna.ee\/en\/contacts-and-location\/#breadcrumb"},"inLanguage":"en-US","potentialAction":[{"@type":"ReadAction","target":["https:\/\/suurmuna.ee\/en\/contacts-and-location\/"]}]},{"@type":"ImageObject","inLanguage":"en-US","@id":"https:\/\/suurmuna.ee\/en\/contacts-and-location\/#primaryimage","url":"https:\/\/suurmuna.ee\/wp-content\/uploads\/2024\/09\/U14A8871-copy.jpg","contentUrl":"https:\/\/suurmuna.ee\/wp-content\/uploads\/2024\/09\/U14A8871-copy.jpg","width":1181,"height":1181},{"@type":"BreadcrumbList","@id":"https:\/\/suurmuna.ee\/en\/contacts-and-location\/#breadcrumb","itemListElement":[{"@type":"ListItem","position":1,"name":"Home","item":"https:\/\/suurmuna.ee\/en\/"},{"@type":"ListItem","position":2,"name":"CONTACTS"}]},{"@type":"WebSite","@id":"https:\/\/suurmuna.ee\/#website","url":"https:\/\/suurmuna.ee\/","name":"Suur Muna","description":"Suure Muna restoran Haanjas","publisher":{"@id":"https:\/\/suurmuna.ee\/#organization"},"potentialAction":[{"@type":"SearchAction","target":{"@type":"EntryPoint","urlTemplate":"https:\/\/suurmuna.ee\/?s={search_term_string}"},"query-input":{"@type":"PropertyValueSpecification","valueRequired":true,"valueName":"search_term_string"}}],"inLanguage":"en-US"},{"@type":"Organization","@id":"https:\/\/suurmuna.ee\/#organization","name":"Restoran Suur Muna","url":"https:\/\/suurmuna.ee\/","logo":{"@type":"ImageObject","inLanguage":"en-US","@id":"https:\/\/suurmuna.ee\/#\/schema\/logo\/image\/","url":"https:\/\/suurmuna.ee\/wp-content\/uploads\/2020\/03\/LOGO_100X100.jpg","contentUrl":"https:\/\/suurmuna.ee\/wp-content\/uploads\/2020\/03\/LOGO_100X100.jpg","width":100,"height":100,"caption":"Restoran Suur Muna"},"image":{"@id":"https:\/\/suurmuna.ee\/#\/schema\/logo\/image\/"},"sameAs":["https:\/\/www.facebook.com\/HaanjaSuurMuna\/","https:\/\/x.com\/suurmuna","https:\/\/www.instagram.com\/suurmunahaanjas","https:\/\/www.youtube.com\/channel\/UCV6_DtuqXUMLLogb8vdsTCw"]}]}},"_links":{"self":[{"href":"https:\/\/suurmuna.ee\/en\/wp-json\/wp\/v2\/pages\/10243"}],"collection":[{"href":"https:\/\/suurmuna.ee\/en\/wp-json\/wp\/v2\/pages"}],"about":[{"href":"https:\/\/suurmuna.ee\/en\/wp-json\/wp\/v2\/types\/page"}],"author":[{"embeddable":true,"href":"https:\/\/suurmuna.ee\/en\/wp-json\/wp\/v2\/users\/1"}],"replies":[{"embeddable":true,"href":"https:\/\/suurmuna.ee\/en\/wp-json\/wp\/v2\/comments?post=10243"}],"version-history":[{"count":27,"href":"https:\/\/suurmuna.ee\/en\/wp-json\/wp\/v2\/pages\/10243\/revisions"}],"predecessor-version":[{"id":16034,"href":"https:\/\/suurmuna.ee\/en\/wp-json\/wp\/v2\/pages\/10243\/revisions\/16034"}],"wp:featuredmedia":[{"embeddable":true,"href":"https:\/\/suurmuna.ee\/en\/wp-json\/wp\/v2\/media\/14228"}],"wp:attachment":[{"href":"https:\/\/suurmuna.ee\/en\/wp-json\/wp\/v2\/media?parent=10243"}],"curies":[{"name":"wp","href":"https:\/\/api.w.org\/{rel}","templated":true}]}}